{"id":3120,"date":"2017-08-11T14:03:41","date_gmt":"2017-08-11T14:03:41","guid":{"rendered":"https:\/\/ata-divisions.org\/GLD\/?page_id=3120"},"modified":"2024-09-18T08:40:35","modified_gmt":"2024-09-18T08:40:35","slug":"uber-uns","status":"publish","type":"page","link":"https:\/\/ata-divisions.org\/GLD\/de\/uber-uns\/","title":{"rendered":"\u00dcber uns"},"content":{"rendered":"<div id=\"pl-3120\"  class=\"panel-layout\" ><div id=\"pg-3120-0\"  class=\"panel-grid panel-has-style\" ><div class=\"siteorigin-panels-stretch panel-row-style panel-row-style-for-3120-0\" style=\"padding: 80px 0; \" data-stretch-type=\"full\" data-overlay=\"true\" ><div id=\"pgc-3120-0-0\"  class=\"panel-grid-cell\" ><div id=\"panel-3120-0-0-0\" class=\"so-panel widget_sow-editor panel-first-child\" data-index=\"0\" ><div style=\"text-align: left;\" data-title-color=\"#443f3f\" data-headings-color=\"#443f3f\" class=\"panel-widget-style panel-widget-style-for-3120-0-0-0\" ><div\n\t\t\t\n\t\t\tclass=\"so-widget-sow-editor so-widget-sow-editor-base\"\n\t\t\t\n\t\t><h3 class=\"widget-title\">Die German Language Division<\/h3>\n<div class=\"siteorigin-widget-tinymce textwidget\">\n\t<p>Die German Language Division (GLD) ist die Sprachgruppe der <a href=\"https:\/\/www.atanet.org\" target=\"_blank\" rel=\"noopener\">American Translators Association<\/a> (ATA) f\u00fcr \u00dcbersetzer:innen und Dolmetscher:innen mit der Arbeitssprache Deutsch. Die GLD wurde 1997 auf der ATA-Konferenz in San Francisco gegr\u00fcndet. Mit rund 750 Mitgliedern ist die GLD derzeit die drittgr\u00f6\u00dfte Sprachgruppe innerhalb der ATA.<\/p>\n<\/div>\n<\/div><\/div><\/div><div id=\"panel-3120-0-0-1\" class=\"so-panel widget_sydney_action sydney_action_widget panel-last-child\" data-index=\"1\" ><div style=\"text-align: left;\" data-title-color=\"#443f3f\" data-headings-color=\"#443f3f\" class=\"panel-widget-style panel-widget-style-for-3120-0-0-1\" >        <div class=\"roll-promobox aside-style\">\r\n\t\t\t<div class=\"promo-wrap\">\r\n\t\t\t\t\t\t\t\t<div class=\"promo-controls\">\r\n\t\t\t\t\t<a href=\"\/GLD\/de\/uber-die-gld\/\" class=\"roll-button border\">Mehr \u00fcber die GLD erfahren<\/a>\r\n\t\t\t\t<\/div>\r\n\t\t\t<\/div>\r\n        <\/div>\r\n\t<\/div><\/div><\/div><\/div><\/div><div id=\"pg-3120-1\"  class=\"panel-grid panel-has-style\" ><div class=\"siteorigin-panels-stretch panel-row-style panel-row-style-for-3120-1\" style=\"padding: 80px 0; \" data-stretch-type=\"full\" data-overlay=\"true\" data-overlay-color=\"#000000\" ><div id=\"pgc-3120-1-0\"  class=\"panel-grid-cell\" ><div id=\"panel-3120-1-0-0\" class=\"so-panel widget_sow-editor panel-first-child\" data-index=\"2\" ><div style=\"text-align: left;\" data-title-color=\"#443f3f\" data-headings-color=\"#443f3f\" class=\"panel-widget-style panel-widget-style-for-3120-1-0-0\" ><div\n\t\t\t\n\t\t\tclass=\"so-widget-sow-editor so-widget-sow-editor-base\"\n\t\t\t\n\t\t><h3 class=\"widget-title\">Unsere Mitglieder<\/h3>\n<div class=\"siteorigin-widget-tinymce textwidget\">\n\t<p>Die Mitglieder der GLD \u00fcbersetzen und dolmetschen ins Deutsche oder aus dem Deutschen \u2013 ebenso wie in und aus vielen anderen Sprachen der Welt. Viele unserer Mitglieder sind von der American Translators Association zertifiziert (die ATA bietet derzeit jedoch kein Zertifikat f\u00fcr Dolmetscher an).<\/p>\n<p>Unsere Mitglieder sind Fachleute in den unterschiedlichsten Bereichen. Die Liste reicht von Fertigung und Technik bis hin zu Medizin und Pharmazie, von Finanzen und Wirtschaft bis hin zu Patenten und Recht, von Kommunikation und Marketing bis hin zu Literatur \u2013 und sie geht noch weiter. <\/p>\n<p>Obwohl die meisten unserer Mitglieder in den Vereinigten Staaten ans\u00e4ssig sind, lebt eine ganze Reihe von Mitgliedern in Kanada und in Europa. Der Gro\u00dfteil unserer Mitglieder au\u00dferhalb der USA wohnt in Deutschland. Und einige sind sogar auf beiden Seiten des Atlantiks zu Hause.<\/p>\n<\/div>\n<\/div><\/div><\/div><div id=\"panel-3120-1-0-1\" class=\"so-panel widget_sydney_action sydney_action_widget\" data-index=\"3\" ><div style=\"text-align: left;\" data-title-color=\"#443f3f\" data-headings-color=\"#443f3f\" class=\"panel-widget-style panel-widget-style-for-3120-1-0-1\" >        <div class=\"roll-promobox aside-style\">\r\n\t\t\t<div class=\"promo-wrap\">\r\n\t\t\t\t\t\t\t\t<div class=\"promo-controls\">\r\n\t\t\t\t\t<a href=\"https:\/\/www.atanet.org\/membersonly\/div_modify.php\" class=\"roll-button border\">Mitglied der GLD werden<\/a>\r\n\t\t\t\t<\/div>\r\n\t\t\t<\/div>\r\n        <\/div>\r\n\t<\/div><\/div><div id=\"panel-3120-1-0-2\" class=\"so-panel widget_sow-editor panel-last-child\" data-index=\"4\" ><div style=\"text-align: left;\" data-title-color=\"#443f3f\" data-headings-color=\"#443f3f\" class=\"panel-widget-style panel-widget-style-for-3120-1-0-2\" ><div\n\t\t\t\n\t\t\tclass=\"so-widget-sow-editor so-widget-sow-editor-base\"\n\t\t\t\n\t\t>\n<div class=\"siteorigin-widget-tinymce textwidget\">\n\t<hr \/>\n<p style=\"padding-left: 40px;\"><span style=\"font-weight: 400;\">M\u00f6chten Sie mehr \u00fcber die GLD und unsere Angebote erfahren? Kontaktieren Sie unsere Koordinatorin f\u00fcr neue Mitglieder, Kristina Cosumano, unter <\/span><span style=\"text-decoration: underline;\"><em><span style=\"font-weight: 400;\">kristina@licustranslation.com<\/span><\/em><\/span><span style=\"font-weight: 400;\">.<\/span><\/p>\n<\/div>\n<\/div><\/div><\/div><\/div><\/div><\/div><div id=\"pg-3120-2\"  class=\"panel-grid panel-has-style\" ><div class=\"siteorigin-panels-stretch panel-row-style panel-row-style-for-3120-2\" style=\"padding: 80px 0; \" data-stretch-type=\"full\" data-overlay=\"true\" ><div id=\"pgc-3120-2-0\"  class=\"panel-grid-cell\" ><div id=\"panel-3120-2-0-0\" class=\"so-panel widget_sow-editor panel-first-child\" data-index=\"5\" ><div style=\"text-align: left;\" data-title-color=\"#443f3f\" data-headings-color=\"#443f3f\" class=\"panel-widget-style panel-widget-style-for-3120-2-0-0\" ><div\n\t\t\t\n\t\t\tclass=\"so-widget-sow-editor so-widget-sow-editor-base\"\n\t\t\t\n\t\t><h3 class=\"widget-title\">Der GLD Leadership Council<\/h3>\n<div class=\"siteorigin-widget-tinymce textwidget\">\n\t<\/div>\n<\/div><\/div><\/div><div id=\"panel-3120-2-0-1\" class=\"so-panel widget_sydney_action sydney_action_widget panel-last-child\" data-index=\"6\" ><div style=\"text-align: left;\" data-title-color=\"#443f3f\" data-headings-color=\"#443f3f\" class=\"panel-widget-style panel-widget-style-for-3120-2-0-1\" >        <div class=\"roll-promobox aside-style\">\r\n\t\t\t<div class=\"promo-wrap\">\r\n\t\t\t\t\t\t\t\t<div class=\"promo-controls\">\r\n\t\t\t\t\t<a href=\"\/GLD\/de\/der-gld-leadership-council-2\/\" class=\"roll-button border\">Lerne den GLD Leadership Council Kennen<\/a>\r\n\t\t\t\t<\/div>\r\n\t\t\t<\/div>\r\n        <\/div>\r\n\t<\/div><\/div><\/div><\/div><\/div><div id=\"pg-3120-3\"  class=\"panel-grid panel-has-style\" ><div class=\"siteorigin-panels-stretch panel-row-style panel-row-style-for-3120-3\" style=\"padding: 80px 0; \" data-stretch-type=\"full\" data-overlay=\"true\" data-overlay-color=\"#000000\" ><div id=\"pgc-3120-3-0\"  class=\"panel-grid-cell\" ><div id=\"panel-3120-3-0-0\" class=\"so-panel widget_fp_social panel-first-child panel-last-child\" data-index=\"7\" ><div style=\"text-align: left;\" data-title-color=\"#443f3f\" data-headings-color=\"#443f3f\" class=\"panel-widget-style panel-widget-style-for-3120-3-0-0\" >\t\t<h3 class=\"widget-title\"><span class=\"wow bounce\">Besuchen Sie uns auf Social Media<\/span><\/h3>\t\t\t\t<div class=\"menu-social-media-container\"><ul id=\"menu-social-media\" class=\"menu social-menu-widget clearfix\"><li id=\"menu-item-4651\" class=\"menu-item menu-item-type-custom menu-item-object-custom menu-item-4651 sydney-dropdown-li\"><a href=\"https:\/\/www.linkedin.com\/company\/german-language-division\/\" class=\"sydney-dropdown-link\"><span class=\"screen-reader-text\">LinkedIn<\/span><\/a><\/li>\n<li id=\"menu-item-55\" class=\"menu-item menu-item-type-custom menu-item-object-custom menu-item-55 sydney-dropdown-li\"><a href=\"https:\/\/www.facebook.com\/GLD-The-German-Language-Division-of-the-ATA-639733832753421\/\" class=\"sydney-dropdown-link\"><span class=\"screen-reader-text\">Facebook<\/span><\/a><\/li>\n<li id=\"menu-item-169\" class=\"menu-item menu-item-type-custom menu-item-object-custom menu-item-169 sydney-dropdown-li\"><a href=\"https:\/\/twitter.com\/ATA_GLD\" class=\"sydney-dropdown-link\"><span class=\"screen-reader-text\">Twitter<\/span><\/a><\/li>\n<li id=\"menu-item-3342\" class=\"menu-item menu-item-type-custom menu-item-object-custom menu-item-3342 sydney-dropdown-li\"><a href=\"https:\/\/www.youtube.com\/channel\/UCeIOauKFU3lM5huw0Vg9HaA\" class=\"sydney-dropdown-link\"><span class=\"screen-reader-text\">Youtube<\/span><\/a><\/li>\n<\/ul><\/div>\t\r\n\t\t<\/div><\/div><\/div><\/div><\/div><\/div>","protected":false},"excerpt":{"rendered":"<p>Die German Language Division (GLD) ist die Sprachgruppe der American Translators Association (ATA) f\u00fcr \u00dcbersetzer:innen und Dolmetscher:innen mit der Arbeitssprache Deutsch. Die GLD wurde 1997 auf der ATA-Konferenz in San Francisco gegr\u00fcndet. Mit rund 750 Mitgliedern ist die GLD derzeit die drittgr\u00f6\u00dfte Sprachgruppe innerhalb der [&hellip;]<\/p>\n","protected":false},"author":1,"featured_media":3434,"parent":0,"menu_order":0,"comment_status":"closed","ping_status":"closed","template":"page-templates\/page_front-page.php","meta":{"footnotes":""},"class_list":["post-3120","page","type-page","status-publish","has-post-thumbnail","hentry"],"yoast_head":"<!-- This site is optimized with the Yoast SEO plugin v27.1.1 - https:\/\/yoast.com\/product\/yoast-seo-wordpress\/ -->\n<title>GLD - German Language Division of the American Translators Association<\/title>\n<meta name=\"description\" content=\"Die German Language Division (GLD) ist mit rund 1500 Mitgliedern ist die derzeit die drittgr\u00f6\u00dfte Sprachgruppe innerhalb der ATA.\" \/>\n<meta name=\"robots\" content=\"index, follow, max-snippet:-1, max-image-preview:large, max-video-preview:-1\" \/>\n<link rel=\"canonical\" href=\"https:\/\/ata-divisions.org\/GLD\/de\/uber-uns\/\" \/>\n<meta property=\"og:locale\" content=\"en_US\" \/>\n<meta property=\"og:type\" content=\"article\" \/>\n<meta property=\"og:title\" content=\"GLD - German Language Division of the American Translators Association\" \/>\n<meta property=\"og:description\" content=\"Die German Language Division (GLD) ist mit rund 1500 Mitgliedern ist die derzeit die drittgr\u00f6\u00dfte Sprachgruppe innerhalb der ATA.\" \/>\n<meta property=\"og:url\" content=\"https:\/\/ata-divisions.org\/GLD\/de\/uber-uns\/\" \/>\n<meta property=\"og:site_name\" content=\"ATA German Language Division\" \/>\n<meta property=\"article:modified_time\" content=\"2024-09-18T08:40:35+00:00\" \/>\n<meta property=\"og:image\" content=\"https:\/\/ata-divisions.org\/GLD\/wp-content\/uploads\/2017\/12\/ATA-GLD-ATA58-Opening-Ceremony-by-Carlie-Sitzman-1.jpg\" \/>\n\t<meta property=\"og:image:width\" content=\"1500\" \/>\n\t<meta property=\"og:image:height\" content=\"1000\" \/>\n\t<meta property=\"og:image:type\" content=\"image\/jpeg\" \/>\n<meta name=\"twitter:card\" content=\"summary_large_image\" \/>\n<meta name=\"twitter:label1\" content=\"Est. reading time\" \/>\n\t<meta name=\"twitter:data1\" content=\"2 minutes\" \/>\n<script type=\"application\/ld+json\" class=\"yoast-schema-graph\">{\"@context\":\"https:\/\/schema.org\",\"@graph\":[{\"@type\":\"WebPage\",\"@id\":\"https:\/\/ata-divisions.org\/GLD\/de\/uber-uns\/\",\"url\":\"https:\/\/ata-divisions.org\/GLD\/de\/uber-uns\/\",\"name\":\"GLD - German Language Division of the American Translators Association\",\"isPartOf\":{\"@id\":\"https:\/\/ata-divisions.org\/GLD\/#website\"},\"primaryImageOfPage\":{\"@id\":\"https:\/\/ata-divisions.org\/GLD\/de\/uber-uns\/#primaryimage\"},\"image\":{\"@id\":\"https:\/\/ata-divisions.org\/GLD\/de\/uber-uns\/#primaryimage\"},\"thumbnailUrl\":\"https:\/\/ata-divisions.org\/GLD\/wp-content\/uploads\/2017\/12\/ATA-GLD-ATA58-Opening-Ceremony-by-Carlie-Sitzman-1.jpg\",\"datePublished\":\"2017-08-11T14:03:41+00:00\",\"dateModified\":\"2024-09-18T08:40:35+00:00\",\"description\":\"Die German Language Division (GLD) ist mit rund 1500 Mitgliedern ist die derzeit die drittgr\u00f6\u00dfte Sprachgruppe innerhalb der ATA.\",\"breadcrumb\":{\"@id\":\"https:\/\/ata-divisions.org\/GLD\/de\/uber-uns\/#breadcrumb\"},\"inLanguage\":\"en-US\",\"potentialAction\":[{\"@type\":\"ReadAction\",\"target\":[\"https:\/\/ata-divisions.org\/GLD\/de\/uber-uns\/\"]}]},{\"@type\":\"ImageObject\",\"inLanguage\":\"en-US\",\"@id\":\"https:\/\/ata-divisions.org\/GLD\/de\/uber-uns\/#primaryimage\",\"url\":\"https:\/\/ata-divisions.org\/GLD\/wp-content\/uploads\/2017\/12\/ATA-GLD-ATA58-Opening-Ceremony-by-Carlie-Sitzman-1.jpg\",\"contentUrl\":\"https:\/\/ata-divisions.org\/GLD\/wp-content\/uploads\/2017\/12\/ATA-GLD-ATA58-Opening-Ceremony-by-Carlie-Sitzman-1.jpg\",\"width\":1500,\"height\":1000},{\"@type\":\"BreadcrumbList\",\"@id\":\"https:\/\/ata-divisions.org\/GLD\/de\/uber-uns\/#breadcrumb\",\"itemListElement\":[{\"@type\":\"ListItem\",\"position\":1,\"name\":\"Home\",\"item\":\"https:\/\/ata-divisions.org\/GLD\/\"},{\"@type\":\"ListItem\",\"position\":2,\"name\":\"\u00dcber uns\"}]},{\"@type\":\"WebSite\",\"@id\":\"https:\/\/ata-divisions.org\/GLD\/#website\",\"url\":\"https:\/\/ata-divisions.org\/GLD\/\",\"name\":\"ATA German Language Division\",\"description\":\"\",\"publisher\":{\"@id\":\"https:\/\/ata-divisions.org\/GLD\/#organization\"},\"potentialAction\":[{\"@type\":\"SearchAction\",\"target\":{\"@type\":\"EntryPoint\",\"urlTemplate\":\"https:\/\/ata-divisions.org\/GLD\/?s={search_term_string}\"},\"query-input\":{\"@type\":\"PropertyValueSpecification\",\"valueRequired\":true,\"valueName\":\"search_term_string\"}}],\"inLanguage\":\"en-US\"},{\"@type\":\"Organization\",\"@id\":\"https:\/\/ata-divisions.org\/GLD\/#organization\",\"name\":\"GLD German Language Division\",\"url\":\"https:\/\/ata-divisions.org\/GLD\/\",\"logo\":{\"@type\":\"ImageObject\",\"inLanguage\":\"en-US\",\"@id\":\"https:\/\/ata-divisions.org\/GLD\/#\/schema\/logo\/image\/\",\"url\":\"https:\/\/ata-divisions.org\/GLD\/wp-content\/uploads\/2016\/10\/GLD-ATA-Logo-blue.png\",\"contentUrl\":\"https:\/\/ata-divisions.org\/GLD\/wp-content\/uploads\/2016\/10\/GLD-ATA-Logo-blue.png\",\"width\":390,\"height\":390,\"caption\":\"GLD German Language Division\"},\"image\":{\"@id\":\"https:\/\/ata-divisions.org\/GLD\/#\/schema\/logo\/image\/\"}}]}<\/script>\n<!-- \/ Yoast SEO plugin. -->","yoast_head_json":{"title":"GLD - German Language Division of the American Translators Association","description":"Die German Language Division (GLD) ist mit rund 1500 Mitgliedern ist die derzeit die drittgr\u00f6\u00dfte Sprachgruppe innerhalb der ATA.","robots":{"index":"index","follow":"follow","max-snippet":"max-snippet:-1","max-image-preview":"max-image-preview:large","max-video-preview":"max-video-preview:-1"},"canonical":"https:\/\/ata-divisions.org\/GLD\/de\/uber-uns\/","og_locale":"en_US","og_type":"article","og_title":"GLD - German Language Division of the American Translators Association","og_description":"Die German Language Division (GLD) ist mit rund 1500 Mitgliedern ist die derzeit die drittgr\u00f6\u00dfte Sprachgruppe innerhalb der ATA.","og_url":"https:\/\/ata-divisions.org\/GLD\/de\/uber-uns\/","og_site_name":"ATA German Language Division","article_modified_time":"2024-09-18T08:40:35+00:00","og_image":[{"width":1500,"height":1000,"url":"https:\/\/ata-divisions.org\/GLD\/wp-content\/uploads\/2017\/12\/ATA-GLD-ATA58-Opening-Ceremony-by-Carlie-Sitzman-1.jpg","type":"image\/jpeg"}],"twitter_card":"summary_large_image","twitter_misc":{"Est. reading time":"2 minutes"},"schema":{"@context":"https:\/\/schema.org","@graph":[{"@type":"WebPage","@id":"https:\/\/ata-divisions.org\/GLD\/de\/uber-uns\/","url":"https:\/\/ata-divisions.org\/GLD\/de\/uber-uns\/","name":"GLD - German Language Division of the American Translators Association","isPartOf":{"@id":"https:\/\/ata-divisions.org\/GLD\/#website"},"primaryImageOfPage":{"@id":"https:\/\/ata-divisions.org\/GLD\/de\/uber-uns\/#primaryimage"},"image":{"@id":"https:\/\/ata-divisions.org\/GLD\/de\/uber-uns\/#primaryimage"},"thumbnailUrl":"https:\/\/ata-divisions.org\/GLD\/wp-content\/uploads\/2017\/12\/ATA-GLD-ATA58-Opening-Ceremony-by-Carlie-Sitzman-1.jpg","datePublished":"2017-08-11T14:03:41+00:00","dateModified":"2024-09-18T08:40:35+00:00","description":"Die German Language Division (GLD) ist mit rund 1500 Mitgliedern ist die derzeit die drittgr\u00f6\u00dfte Sprachgruppe innerhalb der ATA.","breadcrumb":{"@id":"https:\/\/ata-divisions.org\/GLD\/de\/uber-uns\/#breadcrumb"},"inLanguage":"en-US","potentialAction":[{"@type":"ReadAction","target":["https:\/\/ata-divisions.org\/GLD\/de\/uber-uns\/"]}]},{"@type":"ImageObject","inLanguage":"en-US","@id":"https:\/\/ata-divisions.org\/GLD\/de\/uber-uns\/#primaryimage","url":"https:\/\/ata-divisions.org\/GLD\/wp-content\/uploads\/2017\/12\/ATA-GLD-ATA58-Opening-Ceremony-by-Carlie-Sitzman-1.jpg","contentUrl":"https:\/\/ata-divisions.org\/GLD\/wp-content\/uploads\/2017\/12\/ATA-GLD-ATA58-Opening-Ceremony-by-Carlie-Sitzman-1.jpg","width":1500,"height":1000},{"@type":"BreadcrumbList","@id":"https:\/\/ata-divisions.org\/GLD\/de\/uber-uns\/#breadcrumb","itemListElement":[{"@type":"ListItem","position":1,"name":"Home","item":"https:\/\/ata-divisions.org\/GLD\/"},{"@type":"ListItem","position":2,"name":"\u00dcber uns"}]},{"@type":"WebSite","@id":"https:\/\/ata-divisions.org\/GLD\/#website","url":"https:\/\/ata-divisions.org\/GLD\/","name":"ATA German Language Division","description":"","publisher":{"@id":"https:\/\/ata-divisions.org\/GLD\/#organization"},"potentialAction":[{"@type":"SearchAction","target":{"@type":"EntryPoint","urlTemplate":"https:\/\/ata-divisions.org\/GLD\/?s={search_term_string}"},"query-input":{"@type":"PropertyValueSpecification","valueRequired":true,"valueName":"search_term_string"}}],"inLanguage":"en-US"},{"@type":"Organization","@id":"https:\/\/ata-divisions.org\/GLD\/#organization","name":"GLD German Language Division","url":"https:\/\/ata-divisions.org\/GLD\/","logo":{"@type":"ImageObject","inLanguage":"en-US","@id":"https:\/\/ata-divisions.org\/GLD\/#\/schema\/logo\/image\/","url":"https:\/\/ata-divisions.org\/GLD\/wp-content\/uploads\/2016\/10\/GLD-ATA-Logo-blue.png","contentUrl":"https:\/\/ata-divisions.org\/GLD\/wp-content\/uploads\/2016\/10\/GLD-ATA-Logo-blue.png","width":390,"height":390,"caption":"GLD German Language Division"},"image":{"@id":"https:\/\/ata-divisions.org\/GLD\/#\/schema\/logo\/image\/"}}]}},"_links":{"self":[{"href":"https:\/\/ata-divisions.org\/GLD\/wp-json\/wp\/v2\/pages\/3120","targetHints":{"allow":["GET"]}}],"collection":[{"href":"https:\/\/ata-divisions.org\/GLD\/wp-json\/wp\/v2\/pages"}],"about":[{"href":"https:\/\/ata-divisions.org\/GLD\/wp-json\/wp\/v2\/types\/page"}],"author":[{"embeddable":true,"href":"https:\/\/ata-divisions.org\/GLD\/wp-json\/wp\/v2\/users\/1"}],"replies":[{"embeddable":true,"href":"https:\/\/ata-divisions.org\/GLD\/wp-json\/wp\/v2\/comments?post=3120"}],"version-history":[{"count":88,"href":"https:\/\/ata-divisions.org\/GLD\/wp-json\/wp\/v2\/pages\/3120\/revisions"}],"predecessor-version":[{"id":6796,"href":"https:\/\/ata-divisions.org\/GLD\/wp-json\/wp\/v2\/pages\/3120\/revisions\/6796"}],"wp:featuredmedia":[{"embeddable":true,"href":"https:\/\/ata-divisions.org\/GLD\/wp-json\/wp\/v2\/media\/3434"}],"wp:attachment":[{"href":"https:\/\/ata-divisions.org\/GLD\/wp-json\/wp\/v2\/media?parent=3120"}],"curies":[{"name":"wp","href":"https:\/\/api.w.org\/{rel}","templated":true}]}}