{"id":3188,"date":"2017-08-14T10:14:37","date_gmt":"2017-08-14T10:14:37","guid":{"rendered":"https:\/\/ata-divisions.org\/GLD\/?page_id=3188"},"modified":"2024-09-18T08:57:29","modified_gmt":"2024-09-18T08:57:29","slug":"der-collaboration-pool","status":"publish","type":"page","link":"https:\/\/ata-divisions.org\/GLD\/de\/der-collaboration-pool\/","title":{"rendered":"Collaboration-Pool"},"content":{"rendered":"<div id=\"pl-3188\"  class=\"panel-layout\" ><div id=\"pg-3188-0\"  class=\"panel-grid panel-has-style\" ><div class=\"siteorigin-panels-stretch panel-row-style panel-row-style-for-3188-0\" style=\"padding: 60px 0; \" data-stretch-type=\"full\" data-overlay=\"true\" ><div id=\"pgc-3188-0-0\"  class=\"panel-grid-cell\" ><div id=\"panel-3188-0-0-0\" class=\"so-panel widget_sow-editor panel-first-child panel-last-child\" data-index=\"0\" ><div style=\"text-align: left;\" data-title-color=\"#443f3f\" data-headings-color=\"#443f3f\" class=\"panel-widget-style panel-widget-style-for-3188-0-0-0\" ><div\n\t\t\t\n\t\t\tclass=\"so-widget-sow-editor so-widget-sow-editor-base\"\n\t\t\t\n\t\t><h3 class=\"widget-title\">Der Collaboration-Pool<\/h3>\n<div class=\"siteorigin-widget-tinymce textwidget\">\n\t<p>Es begann mit einer informellen Partnerschaft mit unseren Freunden von <span style=\"color: #0000ff;\"><a style=\"color: #0000ff;\" href=\"https:\/\/www.universitas.org\/\" target=\"_blank\" rel=\"noopener\">UNIVERSITAS Austria<\/a><\/span>: dem Deutsch\u2013Englisch Proofreading Pool. Eine gemeinsam erstellte Liste sollte es einfacher machen, eine:n Lektor:in f\u00fcr ein Projekt zu finden.<\/p>\n<p>Neue Plattform, neuer Name, neue Regeln<\/p>\n<p>Im Oktober 2021 wurde der Proofreading Pool als private LinkedIn-Gruppe neu gegr\u00fcndet, und im Oktober 2022 dachten wir uns, dass es Zeit f\u00fcr einen neuen Namen ist. Schlie\u00dflich geht es hier nicht nur ums Lektorat, sondern um die Zusammenarbeit bei \u00dcbersetzungsprojekten.<\/p>\n<p>Das Ergebnis: <strong>The German \u2013 English Translator Collaboration Pool<\/strong>.<\/p>\n<p>Und wo wir gerade dabei sind - warum nicht ein wenig mehr Klarheit dar\u00fcber schaffen, worum es bei diesem Pool geht, wer beitreten kann, wie man beitritt und wie das alles funktioniert.<\/p>\n<ul>\n<li><strong>Was<\/strong><\/li>\n<\/ul>\n<p>Eine Gruppe von Kolleg:innen, in der Sie Partner:innen f\u00fcr Korrekturlesen oder \u00dcbersetzung finden und gemeinsam an Ihrem Englisch &lt;&gt; Deutsch-\u00dcbersetzungsprojekt arbeiten k\u00f6nnen.<\/p>\n<ul>\n<li><strong>Wer<\/strong><\/li>\n<\/ul>\n<p>Alle Mitglieder von GLD, UNIVERISTAS und GerNet (dem deutschen Netzwerk des ITI).<\/p>\n<ul>\n<li><strong>Wie <\/strong>Sie beitreten k\u00f6nnen<\/li>\n<\/ul>\n<p>Ganz einfach: Gehen Sie zu <a href=\"https:\/\/www.linkedin.com\/groups\/9121064\/\" target=\"_blank\" rel=\"noopener\"><span style=\"color: #0000ff;\">https:\/\/www.linkedin.com\/groups\/9121064\/<\/span><\/a> und <strong>stellen Sie einen Antrag auf Mitgliedschaft<\/strong>.<\/p>\n<ul>\n<li><strong>Wie<\/strong> es funktioniert<\/li>\n<\/ul>\n<p>Wenn Sie eine:n Partner:in f\u00fcr Ihr \u00dcbersetzungsprojekt ben\u00f6tigen, entweder f\u00fcr\u2019s Lektorat oder f\u00fcr die \u00dcbersetzung, k\u00f6nnen Sie<\/p>\n<ol>\n<li>einen Beitrag mit den Einzelheiten Ihres Projekts auf der LinkedIn Seite der Gruppe einstellen. Der Beitrag wird vom Administrator kurz gepr\u00fcft, um sicherzustellen, dass er den Regeln entspricht.<\/li>\n<li>individuelle Mitglieder kontaktieren, die am besten zu Ihren Anforderungen passen.Es versteht sich von selbst, dass jede:r selbst entscheiden muss, ob potenzielle Lektor:innen oder \u00dcbersetzer:innen \u00fcber die erforderlichen F\u00e4higkeiten f\u00fcr einen bestimmten Auftrag verf\u00fcgen.<\/li>\n<\/ol>\n<ul>\n<li><strong>Was<\/strong> noch?<\/li>\n<\/ul>\n<p>Sie haben eine Anfrage erhalten, k\u00f6nnen sich aber nicht selbst um das Projekt k\u00fcmmern? Teilen Sie dies Ihren Kolleg:innen mit, indem Sie in LinkedIn-Gruppe dar\u00fcber berichten.<\/p>\n<p>Wenn Sie Fragen, Bedenken oder Kommentare zum German \u2013 English Translator Collaboration Pool haben, wenden Sie sich bitte an die <strong>Koordinatorin des Collaboration Pool<\/strong>, <span style=\"color: #0000ff;\">Heike Holthaus<span style=\"color: #000000;\">, unter<\/span> HolthausLanguageSolutions@protonmail.com<\/span>.<\/p>\n<\/div>\n<\/div><\/div><\/div><\/div><\/div><\/div><\/div>","protected":false},"excerpt":{"rendered":"<p>Es begann mit einer informellen Partnerschaft mit unseren Freunden von UNIVERSITAS Austria: dem Deutsch\u2013Englisch Proofreading Pool. Eine gemeinsam erstellte Liste sollte es einfacher machen, eine:n Lektor:in f\u00fcr ein Projekt zu finden. Neue Plattform, neuer Name, neue Regeln Im Oktober 2021 wurde der Proofreading Pool als [&hellip;]<\/p>\n","protected":false},"author":1,"featured_media":270,"parent":0,"menu_order":0,"comment_status":"closed","ping_status":"closed","template":"page-templates\/page_front-page.php","meta":{"footnotes":""},"class_list":["post-3188","page","type-page","status-publish","has-post-thumbnail","hentry"],"yoast_head":"<!-- This site is optimized with the Yoast SEO plugin v27.1.1 - https:\/\/yoast.com\/product\/yoast-seo-wordpress\/ -->\n<title>Der GLD Proofreading-Pool - German Language Division der ATA<\/title>\n<meta name=\"description\" content=\"Der Proofreading-Pool ist eine Liste mit \u00dcbersetzer:innen auf beiden Seiten des Atlantiks, die nach Lektor:innen suchen.\" \/>\n<meta name=\"robots\" content=\"index, follow, max-snippet:-1, max-image-preview:large, max-video-preview:-1\" \/>\n<link rel=\"canonical\" href=\"https:\/\/ata-divisions.org\/GLD\/de\/der-collaboration-pool\/\" \/>\n<meta property=\"og:locale\" content=\"en_US\" \/>\n<meta property=\"og:type\" content=\"article\" \/>\n<meta property=\"og:title\" content=\"Der GLD Proofreading-Pool - German Language Division der ATA\" \/>\n<meta property=\"og:description\" content=\"Der Proofreading-Pool ist eine Liste mit \u00dcbersetzer:innen auf beiden Seiten des Atlantiks, die nach Lektor:innen suchen.\" \/>\n<meta property=\"og:url\" content=\"https:\/\/ata-divisions.org\/GLD\/de\/der-collaboration-pool\/\" \/>\n<meta property=\"og:site_name\" content=\"ATA German Language Division\" \/>\n<meta property=\"article:modified_time\" content=\"2024-09-18T08:57:29+00:00\" \/>\n<meta property=\"og:image\" content=\"https:\/\/ata-divisions.org\/GLD\/wp-content\/uploads\/2016\/06\/hartmann-nicholas-2000-06-salzburg.jpg\" \/>\n\t<meta property=\"og:image:width\" content=\"800\" \/>\n\t<meta property=\"og:image:height\" content=\"533\" \/>\n\t<meta property=\"og:image:type\" content=\"image\/jpeg\" \/>\n<meta name=\"twitter:card\" content=\"summary_large_image\" \/>\n<meta name=\"twitter:label1\" content=\"Est. reading time\" \/>\n\t<meta name=\"twitter:data1\" content=\"2 minutes\" \/>\n<script type=\"application\/ld+json\" class=\"yoast-schema-graph\">{\"@context\":\"https:\/\/schema.org\",\"@graph\":[{\"@type\":\"WebPage\",\"@id\":\"https:\/\/ata-divisions.org\/GLD\/de\/der-collaboration-pool\/\",\"url\":\"https:\/\/ata-divisions.org\/GLD\/de\/der-collaboration-pool\/\",\"name\":\"Der GLD Proofreading-Pool - German Language Division der ATA\",\"isPartOf\":{\"@id\":\"https:\/\/ata-divisions.org\/GLD\/#website\"},\"primaryImageOfPage\":{\"@id\":\"https:\/\/ata-divisions.org\/GLD\/de\/der-collaboration-pool\/#primaryimage\"},\"image\":{\"@id\":\"https:\/\/ata-divisions.org\/GLD\/de\/der-collaboration-pool\/#primaryimage\"},\"thumbnailUrl\":\"https:\/\/ata-divisions.org\/GLD\/wp-content\/uploads\/2016\/06\/hartmann-nicholas-2000-06-salzburg.jpg\",\"datePublished\":\"2017-08-14T10:14:37+00:00\",\"dateModified\":\"2024-09-18T08:57:29+00:00\",\"description\":\"Der Proofreading-Pool ist eine Liste mit \u00dcbersetzer:innen auf beiden Seiten des Atlantiks, die nach Lektor:innen suchen.\",\"breadcrumb\":{\"@id\":\"https:\/\/ata-divisions.org\/GLD\/de\/der-collaboration-pool\/#breadcrumb\"},\"inLanguage\":\"en-US\",\"potentialAction\":[{\"@type\":\"ReadAction\",\"target\":[\"https:\/\/ata-divisions.org\/GLD\/de\/der-collaboration-pool\/\"]}]},{\"@type\":\"ImageObject\",\"inLanguage\":\"en-US\",\"@id\":\"https:\/\/ata-divisions.org\/GLD\/de\/der-collaboration-pool\/#primaryimage\",\"url\":\"https:\/\/ata-divisions.org\/GLD\/wp-content\/uploads\/2016\/06\/hartmann-nicholas-2000-06-salzburg.jpg\",\"contentUrl\":\"https:\/\/ata-divisions.org\/GLD\/wp-content\/uploads\/2016\/06\/hartmann-nicholas-2000-06-salzburg.jpg\",\"width\":800,\"height\":533},{\"@type\":\"BreadcrumbList\",\"@id\":\"https:\/\/ata-divisions.org\/GLD\/de\/der-collaboration-pool\/#breadcrumb\",\"itemListElement\":[{\"@type\":\"ListItem\",\"position\":1,\"name\":\"Home\",\"item\":\"https:\/\/ata-divisions.org\/GLD\/\"},{\"@type\":\"ListItem\",\"position\":2,\"name\":\"Collaboration-Pool\"}]},{\"@type\":\"WebSite\",\"@id\":\"https:\/\/ata-divisions.org\/GLD\/#website\",\"url\":\"https:\/\/ata-divisions.org\/GLD\/\",\"name\":\"ATA German Language Division\",\"description\":\"\",\"publisher\":{\"@id\":\"https:\/\/ata-divisions.org\/GLD\/#organization\"},\"potentialAction\":[{\"@type\":\"SearchAction\",\"target\":{\"@type\":\"EntryPoint\",\"urlTemplate\":\"https:\/\/ata-divisions.org\/GLD\/?s={search_term_string}\"},\"query-input\":{\"@type\":\"PropertyValueSpecification\",\"valueRequired\":true,\"valueName\":\"search_term_string\"}}],\"inLanguage\":\"en-US\"},{\"@type\":\"Organization\",\"@id\":\"https:\/\/ata-divisions.org\/GLD\/#organization\",\"name\":\"GLD German Language Division\",\"url\":\"https:\/\/ata-divisions.org\/GLD\/\",\"logo\":{\"@type\":\"ImageObject\",\"inLanguage\":\"en-US\",\"@id\":\"https:\/\/ata-divisions.org\/GLD\/#\/schema\/logo\/image\/\",\"url\":\"https:\/\/ata-divisions.org\/GLD\/wp-content\/uploads\/2016\/10\/GLD-ATA-Logo-blue.png\",\"contentUrl\":\"https:\/\/ata-divisions.org\/GLD\/wp-content\/uploads\/2016\/10\/GLD-ATA-Logo-blue.png\",\"width\":390,\"height\":390,\"caption\":\"GLD German Language Division\"},\"image\":{\"@id\":\"https:\/\/ata-divisions.org\/GLD\/#\/schema\/logo\/image\/\"}}]}<\/script>\n<!-- \/ Yoast SEO plugin. -->","yoast_head_json":{"title":"Der GLD Proofreading-Pool - German Language Division der ATA","description":"Der Proofreading-Pool ist eine Liste mit \u00dcbersetzer:innen auf beiden Seiten des Atlantiks, die nach Lektor:innen suchen.","robots":{"index":"index","follow":"follow","max-snippet":"max-snippet:-1","max-image-preview":"max-image-preview:large","max-video-preview":"max-video-preview:-1"},"canonical":"https:\/\/ata-divisions.org\/GLD\/de\/der-collaboration-pool\/","og_locale":"en_US","og_type":"article","og_title":"Der GLD Proofreading-Pool - German Language Division der ATA","og_description":"Der Proofreading-Pool ist eine Liste mit \u00dcbersetzer:innen auf beiden Seiten des Atlantiks, die nach Lektor:innen suchen.","og_url":"https:\/\/ata-divisions.org\/GLD\/de\/der-collaboration-pool\/","og_site_name":"ATA German Language Division","article_modified_time":"2024-09-18T08:57:29+00:00","og_image":[{"width":800,"height":533,"url":"https:\/\/ata-divisions.org\/GLD\/wp-content\/uploads\/2016\/06\/hartmann-nicholas-2000-06-salzburg.jpg","type":"image\/jpeg"}],"twitter_card":"summary_large_image","twitter_misc":{"Est. reading time":"2 minutes"},"schema":{"@context":"https:\/\/schema.org","@graph":[{"@type":"WebPage","@id":"https:\/\/ata-divisions.org\/GLD\/de\/der-collaboration-pool\/","url":"https:\/\/ata-divisions.org\/GLD\/de\/der-collaboration-pool\/","name":"Der GLD Proofreading-Pool - German Language Division der ATA","isPartOf":{"@id":"https:\/\/ata-divisions.org\/GLD\/#website"},"primaryImageOfPage":{"@id":"https:\/\/ata-divisions.org\/GLD\/de\/der-collaboration-pool\/#primaryimage"},"image":{"@id":"https:\/\/ata-divisions.org\/GLD\/de\/der-collaboration-pool\/#primaryimage"},"thumbnailUrl":"https:\/\/ata-divisions.org\/GLD\/wp-content\/uploads\/2016\/06\/hartmann-nicholas-2000-06-salzburg.jpg","datePublished":"2017-08-14T10:14:37+00:00","dateModified":"2024-09-18T08:57:29+00:00","description":"Der Proofreading-Pool ist eine Liste mit \u00dcbersetzer:innen auf beiden Seiten des Atlantiks, die nach Lektor:innen suchen.","breadcrumb":{"@id":"https:\/\/ata-divisions.org\/GLD\/de\/der-collaboration-pool\/#breadcrumb"},"inLanguage":"en-US","potentialAction":[{"@type":"ReadAction","target":["https:\/\/ata-divisions.org\/GLD\/de\/der-collaboration-pool\/"]}]},{"@type":"ImageObject","inLanguage":"en-US","@id":"https:\/\/ata-divisions.org\/GLD\/de\/der-collaboration-pool\/#primaryimage","url":"https:\/\/ata-divisions.org\/GLD\/wp-content\/uploads\/2016\/06\/hartmann-nicholas-2000-06-salzburg.jpg","contentUrl":"https:\/\/ata-divisions.org\/GLD\/wp-content\/uploads\/2016\/06\/hartmann-nicholas-2000-06-salzburg.jpg","width":800,"height":533},{"@type":"BreadcrumbList","@id":"https:\/\/ata-divisions.org\/GLD\/de\/der-collaboration-pool\/#breadcrumb","itemListElement":[{"@type":"ListItem","position":1,"name":"Home","item":"https:\/\/ata-divisions.org\/GLD\/"},{"@type":"ListItem","position":2,"name":"Collaboration-Pool"}]},{"@type":"WebSite","@id":"https:\/\/ata-divisions.org\/GLD\/#website","url":"https:\/\/ata-divisions.org\/GLD\/","name":"ATA German Language Division","description":"","publisher":{"@id":"https:\/\/ata-divisions.org\/GLD\/#organization"},"potentialAction":[{"@type":"SearchAction","target":{"@type":"EntryPoint","urlTemplate":"https:\/\/ata-divisions.org\/GLD\/?s={search_term_string}"},"query-input":{"@type":"PropertyValueSpecification","valueRequired":true,"valueName":"search_term_string"}}],"inLanguage":"en-US"},{"@type":"Organization","@id":"https:\/\/ata-divisions.org\/GLD\/#organization","name":"GLD German Language Division","url":"https:\/\/ata-divisions.org\/GLD\/","logo":{"@type":"ImageObject","inLanguage":"en-US","@id":"https:\/\/ata-divisions.org\/GLD\/#\/schema\/logo\/image\/","url":"https:\/\/ata-divisions.org\/GLD\/wp-content\/uploads\/2016\/10\/GLD-ATA-Logo-blue.png","contentUrl":"https:\/\/ata-divisions.org\/GLD\/wp-content\/uploads\/2016\/10\/GLD-ATA-Logo-blue.png","width":390,"height":390,"caption":"GLD German Language Division"},"image":{"@id":"https:\/\/ata-divisions.org\/GLD\/#\/schema\/logo\/image\/"}}]}},"_links":{"self":[{"href":"https:\/\/ata-divisions.org\/GLD\/wp-json\/wp\/v2\/pages\/3188","targetHints":{"allow":["GET"]}}],"collection":[{"href":"https:\/\/ata-divisions.org\/GLD\/wp-json\/wp\/v2\/pages"}],"about":[{"href":"https:\/\/ata-divisions.org\/GLD\/wp-json\/wp\/v2\/types\/page"}],"author":[{"embeddable":true,"href":"https:\/\/ata-divisions.org\/GLD\/wp-json\/wp\/v2\/users\/1"}],"replies":[{"embeddable":true,"href":"https:\/\/ata-divisions.org\/GLD\/wp-json\/wp\/v2\/comments?post=3188"}],"version-history":[{"count":18,"href":"https:\/\/ata-divisions.org\/GLD\/wp-json\/wp\/v2\/pages\/3188\/revisions"}],"predecessor-version":[{"id":6803,"href":"https:\/\/ata-divisions.org\/GLD\/wp-json\/wp\/v2\/pages\/3188\/revisions\/6803"}],"wp:featuredmedia":[{"embeddable":true,"href":"https:\/\/ata-divisions.org\/GLD\/wp-json\/wp\/v2\/media\/270"}],"wp:attachment":[{"href":"https:\/\/ata-divisions.org\/GLD\/wp-json\/wp\/v2\/media?parent=3188"}],"curies":[{"name":"wp","href":"https:\/\/api.w.org\/{rel}","templated":true}]}}