{"id":4399,"date":"2023-01-14T08:51:38","date_gmt":"2023-01-14T08:51:38","guid":{"rendered":"https:\/\/ata-divisions.org\/GLD\/?page_id=4399"},"modified":"2024-03-20T15:24:32","modified_gmt":"2024-03-20T15:24:32","slug":"the-gld-list","status":"publish","type":"page","link":"https:\/\/ata-divisions.org\/GLD\/the-gld-list\/","title":{"rendered":"The GLD List"},"content":{"rendered":"<div id=\"pl-gb4399-69e6033b7f555\"  class=\"panel-layout\" ><div id=\"pg-gb4399-69e6033b7f555-0\"  class=\"panel-grid panel-has-style\" ><div style=\"padding: 100px 0; \" data-overlay=\"true\" data-overlay-color=\"#000000\" class=\"panel-row-style panel-row-style-for-gb4399-69e6033b7f555-0\" ><div id=\"pgc-gb4399-69e6033b7f555-0-0\"  class=\"panel-grid-cell\" ><div id=\"panel-gb4399-69e6033b7f555-0-0-0\" class=\"so-panel widget_sow-editor panel-first-child\" data-index=\"0\" ><div style=\"text-align: left;\" data-title-color=\"#443f3f\" data-headings-color=\"#443f3f\" class=\"panel-widget-style panel-widget-style-for-gb4399-69e6033b7f555-0-0-0\" ><div\n\t\t\t\n\t\t\tclass=\"so-widget-sow-editor so-widget-sow-editor-base\"\n\t\t\t\n\t\t><h3 class=\"widget-title\">GLD List<\/h3>\n<div class=\"siteorigin-widget-tinymce textwidget\">\n\t<p>One of the benefits of GLD membership is access to the members-only listserv, otherwise known as \u201c<a href=\"https:\/\/groups.yahoo.com\/neo\/groups\/gldlist\/info\" target=\"_blank\" rel=\"noopener noreferrer\">The GLD List<\/a>.\u201d Described as \u201cdie Liste, wo einiges los ist\u201d \u2013 the GLD List provides an opportunity for members to collaborate with and learn from each other. Subscribers pose questions, assist others by responding to queries or simply follow the conversation.<\/p>\n<p>As the previous Listmaster, Gerhard Preisser puts it: \u201cWer helfen kann, hilft; wer eine Antwort wei\u00df, h\u00e4lt damit nicht hinterm Berg. Kollegialit\u00e4t und Kooperation werden gro\u00dfgeschrieben. Die auf unserer Liste vertretenen \u00dcbersetzer und Dolmetscher konkurrieren nicht miteinander \u2013 sie inspirieren einander, und ich habe das au\u00dferordentliche Vergn\u00fcgen, diesen regen, auf h\u00f6chster Kompetenz und viel gutem Willen beruhenden Austausch moderieren zu d\u00fcrfen.\u201d<\/p>\n<h4>Joining the List is as easy as 1, 2, 3:<\/h4>\n<ol>\n<li style=\"margin-bottom: 10px;\">Send an email to:\u00a0<a href=\"mailto:ATA-German-Language-Division+subscribe@groups.io\"><strong>ATA-German-Language-Division+subscribe@groups.io<\/strong><\/a><\/li>\n<li style=\"margin-bottom: 10px;\">In the subject line, enter: <strong>subscribe gldlist<\/strong><\/li>\n<li style=\"margin-bottom: 20px;\">In the body of your email, write your: email address, full name, ATA membership number<\/li>\n<\/ol>\n<p>After your registration is confirmed, you will be able to send and receive emails to and from the List (ATA-German-Language-Division@groups.io). All emails sent to this address are delivered to all subscribers.<\/p>\n<p>If you have any questions about subscribing or unsubscribing, or to report a technical error, please email our GLD Listmaster, Rainer Klett at rainer@rainerklett.com.<\/p>\n<p>Once you are a member of the GLD List, it\u2019s easy to manage your subscription, stop emails while you\u2019re on vacation or change the email address for sending and receiving group emails.<\/p>\n<h4>To change how you receive messages:<\/h4>\n<ol>\n<li style=\"margin-bottom: 10px;\">Sign in at <a href=\"https:\/\/groups.io\/g\/ATA-German-Language-Division\">https:\/\/groups.io\/g\/ATA-German-Language-Division<\/a><\/li>\n<li style=\"margin-bottom: 20px;\">Select <strong>Subscription<\/strong> and change the setting under <strong>Email Delivery<\/strong>. There are several options to choose from, including <strong>Individual Emails<\/strong>, <strong>Full Featured Digest<\/strong>, <strong>Daily Summary<\/strong>, <strong>Daily Digest<\/strong> (one email with all the day\u2019s messages) and more. The <strong>No Email<\/strong> option is a great one for vacations to reduce the amount of email you have to sift through upon return.<\/li>\n<\/ol>\n<h4>To change your email address:<\/h4>\n<ol>\n<li style=\"margin-bottom: 10px;\">Sign in at <a href=\"https:\/\/groups.io\/g\/ATA-German-Language-Division\">https:\/\/groups.io\/g\/ATA-German-Language-Division<\/a><\/li>\n<li style=\"margin-bottom: 10px;\">Click on your name in the upper right-hand corner and select <strong>Account<\/strong><\/li>\n<li style=\"margin-bottom: 10px;\">Enter the new address and click on <strong>Change Email<br \/>\n<\/strong><\/li>\n<li style=\"margin-bottom: 10px;\">Check whether the correct email is selected under <strong>Email Address<\/strong> on the <strong>Account<\/strong> page<\/li>\n<li style=\"margin-bottom: 20px;\">If not, simply select the new address and that\u2019s that!<\/li>\n<\/ol>\n<h4>Netiquette<\/h4>\n<p>Please download and read the <a href=\"https:\/\/ata-divisions.org\/GLD\/docs\/misc\/GLD_Netiquette_2023.pdf\">GLD List Netiquette<\/a> before subscribing to the GLD List.<\/p>\n<h4>Payment practices and rates<\/h4>\n<p>ATA division mailing lists are not places to discuss rates or related matters. In fact, ATA\u2019s policies prohibit it. Please refer to the <a href=\"https:\/\/ata-divisions.org\/GLD\/docs\/misc\/GLD%20Netiquette.pdf\" target=\"_blank\" rel=\"noopener noreferrer\">GLD List Netiquette<\/a> as well as <a href=\"https:\/\/ata-divisions.org\/GLD\/docs\/misc\/zahlung_honorar.pdf\" target=\"_blank\" rel=\"noopener noreferrer\">this information and advice<\/a> from the GLD administration.<\/p>\n<\/div>\n<\/div><\/div><\/div><div id=\"panel-gb4399-69e6033b7f555-0-0-1\" class=\"so-panel widget_sydney_action sydney_action_widget panel-last-child\" data-index=\"1\" ><div style=\"text-align: left;\" data-title-color=\"#443f3f\" data-headings-color=\"#443f3f\" class=\"panel-widget-style panel-widget-style-for-gb4399-69e6033b7f555-0-0-1\" >        <div class=\"roll-promobox aside-style\">\r\n\t\t\t<div class=\"promo-wrap\">\r\n\t\t\t\t\t\t\t\t<div class=\"promo-controls\">\r\n\t\t\t\t\t<a href=\"https:\/\/groups.io\/g\/ATA-German-Language-Division\" class=\"roll-button border\">Subscribe to the GLD List<\/a>\r\n\t\t\t\t<\/div>\r\n\t\t\t<\/div>\r\n        <\/div>\r\n\t<\/div><\/div><\/div><\/div><\/div><\/div>\n\n\n<div class=\"wp-block-group is-layout-flow wp-block-group-is-layout-flow\"><\/div>\n","protected":false},"excerpt":{"rendered":"<p>One of the benefits of GLD membership is access to the members-only listserv, otherwise known as \u201cThe GLD List.\u201d Described as \u201cdie Liste, wo einiges los ist\u201d \u2013 the GLD List provides an opportunity for members to collaborate with and learn from each other. Subscribers [&hellip;]<\/p>\n","protected":false},"author":23,"featured_media":0,"parent":0,"menu_order":0,"comment_status":"closed","ping_status":"closed","template":"page-templates\/page_front-page.php","meta":{"footnotes":""},"class_list":["post-4399","page","type-page","status-publish","hentry"],"yoast_head":"<!-- This site is optimized with the Yoast SEO plugin v27.1.1 - https:\/\/yoast.com\/product\/yoast-seo-wordpress\/ -->\n<title>The GLD List - ATA German Language Division<\/title>\n<meta name=\"robots\" content=\"index, follow, max-snippet:-1, max-image-preview:large, max-video-preview:-1\" \/>\n<link rel=\"canonical\" href=\"https:\/\/ata-divisions.org\/GLD\/the-gld-list\/\" \/>\n<meta property=\"og:locale\" content=\"en_US\" \/>\n<meta property=\"og:type\" content=\"article\" \/>\n<meta property=\"og:title\" content=\"The GLD List - ATA German Language Division\" \/>\n<meta property=\"og:description\" content=\"One of the benefits of GLD membership is access to the members-only listserv, otherwise known as \u201cThe GLD List.\u201d Described as \u201cdie Liste, wo einiges los ist\u201d \u2013 the GLD List provides an opportunity for members to collaborate with and learn from each other. Subscribers [&hellip;]\" \/>\n<meta property=\"og:url\" content=\"https:\/\/ata-divisions.org\/GLD\/the-gld-list\/\" \/>\n<meta property=\"og:site_name\" content=\"ATA German Language Division\" \/>\n<meta property=\"article:modified_time\" content=\"2024-03-20T15:24:32+00:00\" \/>\n<meta name=\"twitter:card\" content=\"summary_large_image\" \/>\n<script type=\"application\/ld+json\" class=\"yoast-schema-graph\">{\"@context\":\"https:\/\/schema.org\",\"@graph\":[{\"@type\":\"WebPage\",\"@id\":\"https:\/\/ata-divisions.org\/GLD\/the-gld-list\/\",\"url\":\"https:\/\/ata-divisions.org\/GLD\/the-gld-list\/\",\"name\":\"The GLD List - ATA German Language Division\",\"isPartOf\":{\"@id\":\"https:\/\/ata-divisions.org\/GLD\/#website\"},\"datePublished\":\"2023-01-14T08:51:38+00:00\",\"dateModified\":\"2024-03-20T15:24:32+00:00\",\"breadcrumb\":{\"@id\":\"https:\/\/ata-divisions.org\/GLD\/the-gld-list\/#breadcrumb\"},\"inLanguage\":\"en-US\",\"potentialAction\":[{\"@type\":\"ReadAction\",\"target\":[\"https:\/\/ata-divisions.org\/GLD\/the-gld-list\/\"]}]},{\"@type\":\"BreadcrumbList\",\"@id\":\"https:\/\/ata-divisions.org\/GLD\/the-gld-list\/#breadcrumb\",\"itemListElement\":[{\"@type\":\"ListItem\",\"position\":1,\"name\":\"Home\",\"item\":\"https:\/\/ata-divisions.org\/GLD\/\"},{\"@type\":\"ListItem\",\"position\":2,\"name\":\"The GLD List\"}]},{\"@type\":\"WebSite\",\"@id\":\"https:\/\/ata-divisions.org\/GLD\/#website\",\"url\":\"https:\/\/ata-divisions.org\/GLD\/\",\"name\":\"ATA German Language Division\",\"description\":\"\",\"publisher\":{\"@id\":\"https:\/\/ata-divisions.org\/GLD\/#organization\"},\"potentialAction\":[{\"@type\":\"SearchAction\",\"target\":{\"@type\":\"EntryPoint\",\"urlTemplate\":\"https:\/\/ata-divisions.org\/GLD\/?s={search_term_string}\"},\"query-input\":{\"@type\":\"PropertyValueSpecification\",\"valueRequired\":true,\"valueName\":\"search_term_string\"}}],\"inLanguage\":\"en-US\"},{\"@type\":\"Organization\",\"@id\":\"https:\/\/ata-divisions.org\/GLD\/#organization\",\"name\":\"GLD German Language Division\",\"url\":\"https:\/\/ata-divisions.org\/GLD\/\",\"logo\":{\"@type\":\"ImageObject\",\"inLanguage\":\"en-US\",\"@id\":\"https:\/\/ata-divisions.org\/GLD\/#\/schema\/logo\/image\/\",\"url\":\"https:\/\/ata-divisions.org\/GLD\/wp-content\/uploads\/2016\/10\/GLD-ATA-Logo-blue.png\",\"contentUrl\":\"https:\/\/ata-divisions.org\/GLD\/wp-content\/uploads\/2016\/10\/GLD-ATA-Logo-blue.png\",\"width\":390,\"height\":390,\"caption\":\"GLD German Language Division\"},\"image\":{\"@id\":\"https:\/\/ata-divisions.org\/GLD\/#\/schema\/logo\/image\/\"}}]}<\/script>\n<!-- \/ Yoast SEO plugin. -->","yoast_head_json":{"title":"The GLD List - ATA German Language Division","robots":{"index":"index","follow":"follow","max-snippet":"max-snippet:-1","max-image-preview":"max-image-preview:large","max-video-preview":"max-video-preview:-1"},"canonical":"https:\/\/ata-divisions.org\/GLD\/the-gld-list\/","og_locale":"en_US","og_type":"article","og_title":"The GLD List - ATA German Language Division","og_description":"One of the benefits of GLD membership is access to the members-only listserv, otherwise known as \u201cThe GLD List.\u201d Described as \u201cdie Liste, wo einiges los ist\u201d \u2013 the GLD List provides an opportunity for members to collaborate with and learn from each other. Subscribers [&hellip;]","og_url":"https:\/\/ata-divisions.org\/GLD\/the-gld-list\/","og_site_name":"ATA German Language Division","article_modified_time":"2024-03-20T15:24:32+00:00","twitter_card":"summary_large_image","schema":{"@context":"https:\/\/schema.org","@graph":[{"@type":"WebPage","@id":"https:\/\/ata-divisions.org\/GLD\/the-gld-list\/","url":"https:\/\/ata-divisions.org\/GLD\/the-gld-list\/","name":"The GLD List - ATA German Language Division","isPartOf":{"@id":"https:\/\/ata-divisions.org\/GLD\/#website"},"datePublished":"2023-01-14T08:51:38+00:00","dateModified":"2024-03-20T15:24:32+00:00","breadcrumb":{"@id":"https:\/\/ata-divisions.org\/GLD\/the-gld-list\/#breadcrumb"},"inLanguage":"en-US","potentialAction":[{"@type":"ReadAction","target":["https:\/\/ata-divisions.org\/GLD\/the-gld-list\/"]}]},{"@type":"BreadcrumbList","@id":"https:\/\/ata-divisions.org\/GLD\/the-gld-list\/#breadcrumb","itemListElement":[{"@type":"ListItem","position":1,"name":"Home","item":"https:\/\/ata-divisions.org\/GLD\/"},{"@type":"ListItem","position":2,"name":"The GLD List"}]},{"@type":"WebSite","@id":"https:\/\/ata-divisions.org\/GLD\/#website","url":"https:\/\/ata-divisions.org\/GLD\/","name":"ATA German Language Division","description":"","publisher":{"@id":"https:\/\/ata-divisions.org\/GLD\/#organization"},"potentialAction":[{"@type":"SearchAction","target":{"@type":"EntryPoint","urlTemplate":"https:\/\/ata-divisions.org\/GLD\/?s={search_term_string}"},"query-input":{"@type":"PropertyValueSpecification","valueRequired":true,"valueName":"search_term_string"}}],"inLanguage":"en-US"},{"@type":"Organization","@id":"https:\/\/ata-divisions.org\/GLD\/#organization","name":"GLD German Language Division","url":"https:\/\/ata-divisions.org\/GLD\/","logo":{"@type":"ImageObject","inLanguage":"en-US","@id":"https:\/\/ata-divisions.org\/GLD\/#\/schema\/logo\/image\/","url":"https:\/\/ata-divisions.org\/GLD\/wp-content\/uploads\/2016\/10\/GLD-ATA-Logo-blue.png","contentUrl":"https:\/\/ata-divisions.org\/GLD\/wp-content\/uploads\/2016\/10\/GLD-ATA-Logo-blue.png","width":390,"height":390,"caption":"GLD German Language Division"},"image":{"@id":"https:\/\/ata-divisions.org\/GLD\/#\/schema\/logo\/image\/"}}]}},"_links":{"self":[{"href":"https:\/\/ata-divisions.org\/GLD\/wp-json\/wp\/v2\/pages\/4399","targetHints":{"allow":["GET"]}}],"collection":[{"href":"https:\/\/ata-divisions.org\/GLD\/wp-json\/wp\/v2\/pages"}],"about":[{"href":"https:\/\/ata-divisions.org\/GLD\/wp-json\/wp\/v2\/types\/page"}],"author":[{"embeddable":true,"href":"https:\/\/ata-divisions.org\/GLD\/wp-json\/wp\/v2\/users\/23"}],"replies":[{"embeddable":true,"href":"https:\/\/ata-divisions.org\/GLD\/wp-json\/wp\/v2\/comments?post=4399"}],"version-history":[{"count":15,"href":"https:\/\/ata-divisions.org\/GLD\/wp-json\/wp\/v2\/pages\/4399\/revisions"}],"predecessor-version":[{"id":6003,"href":"https:\/\/ata-divisions.org\/GLD\/wp-json\/wp\/v2\/pages\/4399\/revisions\/6003"}],"wp:attachment":[{"href":"https:\/\/ata-divisions.org\/GLD\/wp-json\/wp\/v2\/media?parent=4399"}],"curies":[{"name":"wp","href":"https:\/\/api.w.org\/{rel}","templated":true}]}}