{"id":4758,"date":"2023-03-19T13:51:13","date_gmt":"2023-03-19T13:51:13","guid":{"rendered":"https:\/\/ata-divisions.org\/GLD\/?page_id=4758"},"modified":"2024-09-18T08:36:45","modified_gmt":"2024-09-18T08:36:45","slug":"was-wir-tun","status":"publish","type":"page","link":"https:\/\/ata-divisions.org\/GLD\/de\/was-wir-tun\/","title":{"rendered":"Was wir tun"},"content":{"rendered":"<div id=\"pl-gb4758-69d29ba08c2ec\"  class=\"panel-layout wp-block-siteorigin-panels-layout-block panel-layout\" ><div id=\"pg-gb4758-69d29ba08c2ec-0\"  class=\"panel-grid panel-has-style\" ><div class=\"siteorigin-panels-stretch panel-row-style panel-row-style-for-gb4758-69d29ba08c2ec-0\" style=\"padding: 80px 0; \" data-stretch-type=\"full\" data-overlay=\"true\" data-overlay-color=\"#000000\" ><div id=\"pgc-gb4758-69d29ba08c2ec-0-0\"  class=\"panel-grid-cell\" ><div id=\"panel-gb4758-69d29ba08c2ec-0-0-0\" class=\"so-panel widget_text panel-first-child\" data-index=\"0\" ><div style=\"text-align: left;\" data-title-color=\"#443f3f\" data-headings-color=\"#443f3f\" class=\"panel-widget-style panel-widget-style-for-gb4758-69d29ba08c2ec-0-0-0\" ><h3 class=\"widget-title\">Was wir tun<\/h3>\t\t\t<div class=\"textwidget\"><p>Die GLD bietet \u00dcbersetzer:innen und Dolmetscher:innen mit der Arbeitssprache Deutsch die Gelegenheit, sich innerhalb des gro\u00dfen Verbandes einer kleineren Gemeinschaft anzuschlie\u00dfen. Hier finden Sie ein Netzwerk von Kolleg:innen, die Ihre Interessen, Probleme und Erfahrungen teilen. Kn\u00fcpfen Sie wertvolle Kontakte und bringen Sie sich als aktives Mitglied bei der GLD ein.<\/p>\n<\/div>\n\t\t<\/div><\/div><div id=\"panel-gb4758-69d29ba08c2ec-0-0-1\" class=\"so-panel widget_sydney_action sydney_action_widget panel-last-child\" data-index=\"1\" ><div style=\"text-align: left;\" data-title-color=\"#443f3f\" data-headings-color=\"#443f3f\" class=\"panel-widget-style panel-widget-style-for-gb4758-69d29ba08c2ec-0-0-1\" >        <div class=\"roll-promobox aside-style\">\r\n\t\t\t<div class=\"promo-wrap\">\r\n\t\t\t\t\t\t\t\t<div class=\"promo-controls\">\r\n\t\t\t\t\t<a href=\"\/GLD\/de\/mitgliedschaft\/\" class=\"roll-button border\">Mehr \u00fcber eine Mitgliedschaft bei der GLD erfahren <\/a>\r\n\t\t\t\t<\/div>\r\n\t\t\t<\/div>\r\n        <\/div>\r\n\t<\/div><\/div><\/div><\/div><\/div><\/div>","protected":false},"excerpt":{"rendered":"<p>Die GLD bietet \u00dcbersetzer:innen und Dolmetscher:innen mit der Arbeitssprache Deutsch die Gelegenheit, sich innerhalb des gro\u00dfen Verbandes einer kleineren Gemeinschaft anzuschlie\u00dfen. Hier finden Sie ein Netzwerk von Kolleg:innen, die Ihre Interessen, Probleme und Erfahrungen teilen. Kn\u00fcpfen Sie wertvolle Kontakte und bringen Sie sich als aktives [&hellip;]<\/p>\n","protected":false},"author":23,"featured_media":0,"parent":0,"menu_order":0,"comment_status":"closed","ping_status":"closed","template":"page-templates\/page_front-page.php","meta":{"footnotes":""},"class_list":["post-4758","page","type-page","status-publish","hentry"],"yoast_head":"<!-- This site is optimized with the Yoast SEO plugin v27.1.1 - https:\/\/yoast.com\/product\/yoast-seo-wordpress\/ -->\n<title>Was wir tun - ATA German Language Division<\/title>\n<meta name=\"robots\" content=\"index, follow, max-snippet:-1, max-image-preview:large, max-video-preview:-1\" \/>\n<link rel=\"canonical\" href=\"https:\/\/ata-divisions.org\/GLD\/de\/was-wir-tun\/\" \/>\n<meta property=\"og:locale\" content=\"en_US\" \/>\n<meta property=\"og:type\" content=\"article\" \/>\n<meta property=\"og:title\" content=\"Was wir tun - ATA German Language Division\" \/>\n<meta property=\"og:description\" content=\"Die GLD bietet \u00dcbersetzer:innen und Dolmetscher:innen mit der Arbeitssprache Deutsch die Gelegenheit, sich innerhalb des gro\u00dfen Verbandes einer kleineren Gemeinschaft anzuschlie\u00dfen. Hier finden Sie ein Netzwerk von Kolleg:innen, die Ihre Interessen, Probleme und Erfahrungen teilen. Kn\u00fcpfen Sie wertvolle Kontakte und bringen Sie sich als aktives [&hellip;]\" \/>\n<meta property=\"og:url\" content=\"https:\/\/ata-divisions.org\/GLD\/de\/was-wir-tun\/\" \/>\n<meta property=\"og:site_name\" content=\"ATA German Language Division\" \/>\n<meta property=\"article:modified_time\" content=\"2024-09-18T08:36:45+00:00\" \/>\n<meta name=\"twitter:card\" content=\"summary_large_image\" \/>\n<meta name=\"twitter:label1\" content=\"Est. reading time\" \/>\n\t<meta name=\"twitter:data1\" content=\"1 minute\" \/>\n<script type=\"application\/ld+json\" class=\"yoast-schema-graph\">{\"@context\":\"https:\/\/schema.org\",\"@graph\":[{\"@type\":\"WebPage\",\"@id\":\"https:\/\/ata-divisions.org\/GLD\/de\/was-wir-tun\/\",\"url\":\"https:\/\/ata-divisions.org\/GLD\/de\/was-wir-tun\/\",\"name\":\"Was wir tun - ATA German Language Division\",\"isPartOf\":{\"@id\":\"https:\/\/ata-divisions.org\/GLD\/#website\"},\"datePublished\":\"2023-03-19T13:51:13+00:00\",\"dateModified\":\"2024-09-18T08:36:45+00:00\",\"breadcrumb\":{\"@id\":\"https:\/\/ata-divisions.org\/GLD\/de\/was-wir-tun\/#breadcrumb\"},\"inLanguage\":\"en-US\",\"potentialAction\":[{\"@type\":\"ReadAction\",\"target\":[\"https:\/\/ata-divisions.org\/GLD\/de\/was-wir-tun\/\"]}]},{\"@type\":\"BreadcrumbList\",\"@id\":\"https:\/\/ata-divisions.org\/GLD\/de\/was-wir-tun\/#breadcrumb\",\"itemListElement\":[{\"@type\":\"ListItem\",\"position\":1,\"name\":\"Home\",\"item\":\"https:\/\/ata-divisions.org\/GLD\/\"},{\"@type\":\"ListItem\",\"position\":2,\"name\":\"Was wir tun\"}]},{\"@type\":\"WebSite\",\"@id\":\"https:\/\/ata-divisions.org\/GLD\/#website\",\"url\":\"https:\/\/ata-divisions.org\/GLD\/\",\"name\":\"ATA German Language Division\",\"description\":\"\",\"publisher\":{\"@id\":\"https:\/\/ata-divisions.org\/GLD\/#organization\"},\"potentialAction\":[{\"@type\":\"SearchAction\",\"target\":{\"@type\":\"EntryPoint\",\"urlTemplate\":\"https:\/\/ata-divisions.org\/GLD\/?s={search_term_string}\"},\"query-input\":{\"@type\":\"PropertyValueSpecification\",\"valueRequired\":true,\"valueName\":\"search_term_string\"}}],\"inLanguage\":\"en-US\"},{\"@type\":\"Organization\",\"@id\":\"https:\/\/ata-divisions.org\/GLD\/#organization\",\"name\":\"GLD German Language Division\",\"url\":\"https:\/\/ata-divisions.org\/GLD\/\",\"logo\":{\"@type\":\"ImageObject\",\"inLanguage\":\"en-US\",\"@id\":\"https:\/\/ata-divisions.org\/GLD\/#\/schema\/logo\/image\/\",\"url\":\"https:\/\/ata-divisions.org\/GLD\/wp-content\/uploads\/2016\/10\/GLD-ATA-Logo-blue.png\",\"contentUrl\":\"https:\/\/ata-divisions.org\/GLD\/wp-content\/uploads\/2016\/10\/GLD-ATA-Logo-blue.png\",\"width\":390,\"height\":390,\"caption\":\"GLD German Language Division\"},\"image\":{\"@id\":\"https:\/\/ata-divisions.org\/GLD\/#\/schema\/logo\/image\/\"}}]}<\/script>\n<!-- \/ Yoast SEO plugin. -->","yoast_head_json":{"title":"Was wir tun - ATA German Language Division","robots":{"index":"index","follow":"follow","max-snippet":"max-snippet:-1","max-image-preview":"max-image-preview:large","max-video-preview":"max-video-preview:-1"},"canonical":"https:\/\/ata-divisions.org\/GLD\/de\/was-wir-tun\/","og_locale":"en_US","og_type":"article","og_title":"Was wir tun - ATA German Language Division","og_description":"Die GLD bietet \u00dcbersetzer:innen und Dolmetscher:innen mit der Arbeitssprache Deutsch die Gelegenheit, sich innerhalb des gro\u00dfen Verbandes einer kleineren Gemeinschaft anzuschlie\u00dfen. Hier finden Sie ein Netzwerk von Kolleg:innen, die Ihre Interessen, Probleme und Erfahrungen teilen. Kn\u00fcpfen Sie wertvolle Kontakte und bringen Sie sich als aktives [&hellip;]","og_url":"https:\/\/ata-divisions.org\/GLD\/de\/was-wir-tun\/","og_site_name":"ATA German Language Division","article_modified_time":"2024-09-18T08:36:45+00:00","twitter_card":"summary_large_image","twitter_misc":{"Est. reading time":"1 minute"},"schema":{"@context":"https:\/\/schema.org","@graph":[{"@type":"WebPage","@id":"https:\/\/ata-divisions.org\/GLD\/de\/was-wir-tun\/","url":"https:\/\/ata-divisions.org\/GLD\/de\/was-wir-tun\/","name":"Was wir tun - ATA German Language Division","isPartOf":{"@id":"https:\/\/ata-divisions.org\/GLD\/#website"},"datePublished":"2023-03-19T13:51:13+00:00","dateModified":"2024-09-18T08:36:45+00:00","breadcrumb":{"@id":"https:\/\/ata-divisions.org\/GLD\/de\/was-wir-tun\/#breadcrumb"},"inLanguage":"en-US","potentialAction":[{"@type":"ReadAction","target":["https:\/\/ata-divisions.org\/GLD\/de\/was-wir-tun\/"]}]},{"@type":"BreadcrumbList","@id":"https:\/\/ata-divisions.org\/GLD\/de\/was-wir-tun\/#breadcrumb","itemListElement":[{"@type":"ListItem","position":1,"name":"Home","item":"https:\/\/ata-divisions.org\/GLD\/"},{"@type":"ListItem","position":2,"name":"Was wir tun"}]},{"@type":"WebSite","@id":"https:\/\/ata-divisions.org\/GLD\/#website","url":"https:\/\/ata-divisions.org\/GLD\/","name":"ATA German Language Division","description":"","publisher":{"@id":"https:\/\/ata-divisions.org\/GLD\/#organization"},"potentialAction":[{"@type":"SearchAction","target":{"@type":"EntryPoint","urlTemplate":"https:\/\/ata-divisions.org\/GLD\/?s={search_term_string}"},"query-input":{"@type":"PropertyValueSpecification","valueRequired":true,"valueName":"search_term_string"}}],"inLanguage":"en-US"},{"@type":"Organization","@id":"https:\/\/ata-divisions.org\/GLD\/#organization","name":"GLD German Language Division","url":"https:\/\/ata-divisions.org\/GLD\/","logo":{"@type":"ImageObject","inLanguage":"en-US","@id":"https:\/\/ata-divisions.org\/GLD\/#\/schema\/logo\/image\/","url":"https:\/\/ata-divisions.org\/GLD\/wp-content\/uploads\/2016\/10\/GLD-ATA-Logo-blue.png","contentUrl":"https:\/\/ata-divisions.org\/GLD\/wp-content\/uploads\/2016\/10\/GLD-ATA-Logo-blue.png","width":390,"height":390,"caption":"GLD German Language Division"},"image":{"@id":"https:\/\/ata-divisions.org\/GLD\/#\/schema\/logo\/image\/"}}]}},"_links":{"self":[{"href":"https:\/\/ata-divisions.org\/GLD\/wp-json\/wp\/v2\/pages\/4758","targetHints":{"allow":["GET"]}}],"collection":[{"href":"https:\/\/ata-divisions.org\/GLD\/wp-json\/wp\/v2\/pages"}],"about":[{"href":"https:\/\/ata-divisions.org\/GLD\/wp-json\/wp\/v2\/types\/page"}],"author":[{"embeddable":true,"href":"https:\/\/ata-divisions.org\/GLD\/wp-json\/wp\/v2\/users\/23"}],"replies":[{"embeddable":true,"href":"https:\/\/ata-divisions.org\/GLD\/wp-json\/wp\/v2\/comments?post=4758"}],"version-history":[{"count":7,"href":"https:\/\/ata-divisions.org\/GLD\/wp-json\/wp\/v2\/pages\/4758\/revisions"}],"predecessor-version":[{"id":6794,"href":"https:\/\/ata-divisions.org\/GLD\/wp-json\/wp\/v2\/pages\/4758\/revisions\/6794"}],"wp:attachment":[{"href":"https:\/\/ata-divisions.org\/GLD\/wp-json\/wp\/v2\/media?parent=4758"}],"curies":[{"name":"wp","href":"https:\/\/api.w.org\/{rel}","templated":true}]}}