{"id":4813,"date":"2023-03-19T15:51:12","date_gmt":"2023-03-19T15:51:12","guid":{"rendered":"https:\/\/ata-divisions.org\/GLD\/?page_id=4813"},"modified":"2024-09-18T08:43:55","modified_gmt":"2024-09-18T08:43:55","slug":"uber-die-gld","status":"publish","type":"page","link":"https:\/\/ata-divisions.org\/GLD\/de\/uber-die-gld\/","title":{"rendered":"\u00dcber die GLD"},"content":{"rendered":"<div id=\"pl-gb4813-69e97c8cbf9a8\"  class=\"panel-layout wp-block-siteorigin-panels-layout-block panel-layout\" ><div id=\"pg-gb4813-69e97c8cbf9a8-0\"  class=\"panel-grid panel-has-style\" ><div class=\"siteorigin-panels-stretch panel-row-style panel-row-style-for-gb4813-69e97c8cbf9a8-0\" style=\"padding: 80px 0; \" data-stretch-type=\"full\" data-overlay=\"true\" ><div id=\"pgc-gb4813-69e97c8cbf9a8-0-0\"  class=\"panel-grid-cell\" ><div id=\"panel-gb4813-69e97c8cbf9a8-0-0-0\" class=\"so-panel widget_sow-editor panel-first-child\" data-index=\"0\" ><div style=\"text-align: left;\" data-title-color=\"#443f3f\" data-headings-color=\"#443f3f\" class=\"panel-widget-style panel-widget-style-for-gb4813-69e97c8cbf9a8-0-0-0\" ><div\n\t\t\t\n\t\t\tclass=\"so-widget-sow-editor so-widget-sow-editor-base\"\n\t\t\t\n\t\t><h3 class=\"widget-title\">\u00dcber die GLD<\/h3>\n<div class=\"siteorigin-widget-tinymce textwidget\">\n\t<p>Die German Language Division (GLD) ist die Sprachgruppe der <a href=\"https:\/\/www.atanet.org\" target=\"_blank\" rel=\"noopener\">American Translators Association<\/a> (ATA) f\u00fcr \u00dcbersetzer:innen und Dolmetscher:innen mit der Arbeitssprache Deutsch. Die GLD wurde 1997 auf der ATA-Konferenz in San Francisco gegr\u00fcndet. Mit rund 750 Mitgliedern ist die GLD derzeit die drittgr\u00f6\u00dfte Sprachgruppe innerhalb der ATA.<\/p>\n<p>Die Ziele und Aufgaben der GLD sind:<\/p>\n<ul>\n<li style=\"margin-bottom: 10px;\">F\u00f6rderung eines engeren Kontaktes der Mitglieder untereinander<\/li>\n<li style=\"margin-bottom: 10px;\">F\u00f6rderung der Interaktion zwischen deutschsprachigen \u00dcbersetzer:innen und Dolmetscher:innen sowie deren Verb\u00e4nde innerhalb und au\u00dferhalb der Vereinigten Staaten<\/li>\n<li style=\"margin-bottom: 10px;\">F\u00f6rderung von Qualit\u00e4tsstandards und der Berufsethik<\/li>\n<li style=\"margin-bottom: 10px;\">St\u00e4rkung des Berufsbilds bei der Kundschaft sowie in der \u00d6ffentlichkeit<\/li>\n<li style=\"margin-bottom: 10px;\">F\u00f6rderung des Informationsaustausches zwischen Kolleg:innen \u00fcber technische und sprachliche Neuentwicklungen<\/li>\n<li style=\"margin-bottom: 10px;\">Organisation von Vortr\u00e4gen mit Bezug zur deutschen Sprache auf der Jahreskonferenz der ATA<\/li>\n<li style=\"margin-bottom: 10px;\">Zusammenarbeit mit der ATA<\/li>\n<li style=\"margin-bottom: 10px;\">F\u00f6rderung der Ziele der ATA<\/li>\n<\/ul>\n<\/div>\n<\/div><\/div><\/div><div id=\"panel-gb4813-69e97c8cbf9a8-0-0-1\" class=\"so-panel widget_sydney_action sydney_action_widget panel-last-child\" data-index=\"1\" ><div style=\"text-align: left;\" data-title-color=\"#443f3f\" data-headings-color=\"#443f3f\" class=\"panel-widget-style panel-widget-style-for-gb4813-69e97c8cbf9a8-0-0-1\" >        <div class=\"roll-promobox aside-style\">\r\n\t\t\t<div class=\"promo-wrap\">\r\n\t\t\t\t\t\t\t\t<div class=\"promo-controls\">\r\n\t\t\t\t\t<a href=\"https:\/\/ata-divisions.org\/GLD\/wp-content\/uploads\/GLD-History-2024.pdf\" class=\"roll-button border\">Mehr \u00fcber die Geschichte der GLD erfahren<\/a>\r\n\t\t\t\t<\/div>\r\n\t\t\t<\/div>\r\n        <\/div>\r\n\t<\/div><\/div><\/div><\/div><\/div><\/div>","protected":false},"excerpt":{"rendered":"<p>Die German Language Division (GLD) ist die Sprachgruppe der American Translators Association (ATA) f\u00fcr \u00dcbersetzer:innen und Dolmetscher:innen mit der Arbeitssprache Deutsch. Die GLD wurde 1997 auf der ATA-Konferenz in San Francisco gegr\u00fcndet. Mit rund 750 Mitgliedern ist die GLD derzeit die drittgr\u00f6\u00dfte Sprachgruppe innerhalb der [&hellip;]<\/p>\n","protected":false},"author":23,"featured_media":0,"parent":0,"menu_order":0,"comment_status":"closed","ping_status":"closed","template":"page-templates\/page_front-page.php","meta":{"footnotes":""},"class_list":["post-4813","page","type-page","status-publish","hentry"],"yoast_head":"<!-- This site is optimized with the Yoast SEO plugin v27.1.1 - https:\/\/yoast.com\/product\/yoast-seo-wordpress\/ -->\n<title>\u00dcber die GLD - ATA German Language Division<\/title>\n<meta name=\"robots\" content=\"index, follow, max-snippet:-1, max-image-preview:large, max-video-preview:-1\" \/>\n<link rel=\"canonical\" href=\"https:\/\/ata-divisions.org\/GLD\/de\/uber-die-gld\/\" \/>\n<meta property=\"og:locale\" content=\"en_US\" \/>\n<meta property=\"og:type\" content=\"article\" \/>\n<meta property=\"og:title\" content=\"\u00dcber die GLD - ATA German Language Division\" \/>\n<meta property=\"og:description\" content=\"Die German Language Division (GLD) ist die Sprachgruppe der American Translators Association (ATA) f\u00fcr \u00dcbersetzer:innen und Dolmetscher:innen mit der Arbeitssprache Deutsch. Die GLD wurde 1997 auf der ATA-Konferenz in San Francisco gegr\u00fcndet. Mit rund 750 Mitgliedern ist die GLD derzeit die drittgr\u00f6\u00dfte Sprachgruppe innerhalb der [&hellip;]\" \/>\n<meta property=\"og:url\" content=\"https:\/\/ata-divisions.org\/GLD\/de\/uber-die-gld\/\" \/>\n<meta property=\"og:site_name\" content=\"ATA German Language Division\" \/>\n<meta property=\"article:modified_time\" content=\"2024-09-18T08:43:55+00:00\" \/>\n<meta name=\"twitter:card\" content=\"summary_large_image\" \/>\n<meta name=\"twitter:label1\" content=\"Est. reading time\" \/>\n\t<meta name=\"twitter:data1\" content=\"1 minute\" \/>\n<script type=\"application\/ld+json\" class=\"yoast-schema-graph\">{\"@context\":\"https:\/\/schema.org\",\"@graph\":[{\"@type\":\"WebPage\",\"@id\":\"https:\/\/ata-divisions.org\/GLD\/de\/uber-die-gld\/\",\"url\":\"https:\/\/ata-divisions.org\/GLD\/de\/uber-die-gld\/\",\"name\":\"\u00dcber die GLD - ATA German Language Division\",\"isPartOf\":{\"@id\":\"https:\/\/ata-divisions.org\/GLD\/#website\"},\"datePublished\":\"2023-03-19T15:51:12+00:00\",\"dateModified\":\"2024-09-18T08:43:55+00:00\",\"breadcrumb\":{\"@id\":\"https:\/\/ata-divisions.org\/GLD\/de\/uber-die-gld\/#breadcrumb\"},\"inLanguage\":\"en-US\",\"potentialAction\":[{\"@type\":\"ReadAction\",\"target\":[\"https:\/\/ata-divisions.org\/GLD\/de\/uber-die-gld\/\"]}]},{\"@type\":\"BreadcrumbList\",\"@id\":\"https:\/\/ata-divisions.org\/GLD\/de\/uber-die-gld\/#breadcrumb\",\"itemListElement\":[{\"@type\":\"ListItem\",\"position\":1,\"name\":\"Home\",\"item\":\"https:\/\/ata-divisions.org\/GLD\/\"},{\"@type\":\"ListItem\",\"position\":2,\"name\":\"\u00dcber die GLD\"}]},{\"@type\":\"WebSite\",\"@id\":\"https:\/\/ata-divisions.org\/GLD\/#website\",\"url\":\"https:\/\/ata-divisions.org\/GLD\/\",\"name\":\"ATA German Language Division\",\"description\":\"\",\"publisher\":{\"@id\":\"https:\/\/ata-divisions.org\/GLD\/#organization\"},\"potentialAction\":[{\"@type\":\"SearchAction\",\"target\":{\"@type\":\"EntryPoint\",\"urlTemplate\":\"https:\/\/ata-divisions.org\/GLD\/?s={search_term_string}\"},\"query-input\":{\"@type\":\"PropertyValueSpecification\",\"valueRequired\":true,\"valueName\":\"search_term_string\"}}],\"inLanguage\":\"en-US\"},{\"@type\":\"Organization\",\"@id\":\"https:\/\/ata-divisions.org\/GLD\/#organization\",\"name\":\"GLD German Language Division\",\"url\":\"https:\/\/ata-divisions.org\/GLD\/\",\"logo\":{\"@type\":\"ImageObject\",\"inLanguage\":\"en-US\",\"@id\":\"https:\/\/ata-divisions.org\/GLD\/#\/schema\/logo\/image\/\",\"url\":\"https:\/\/ata-divisions.org\/GLD\/wp-content\/uploads\/2016\/10\/GLD-ATA-Logo-blue.png\",\"contentUrl\":\"https:\/\/ata-divisions.org\/GLD\/wp-content\/uploads\/2016\/10\/GLD-ATA-Logo-blue.png\",\"width\":390,\"height\":390,\"caption\":\"GLD German Language Division\"},\"image\":{\"@id\":\"https:\/\/ata-divisions.org\/GLD\/#\/schema\/logo\/image\/\"}}]}<\/script>\n<!-- \/ Yoast SEO plugin. -->","yoast_head_json":{"title":"\u00dcber die GLD - ATA German Language Division","robots":{"index":"index","follow":"follow","max-snippet":"max-snippet:-1","max-image-preview":"max-image-preview:large","max-video-preview":"max-video-preview:-1"},"canonical":"https:\/\/ata-divisions.org\/GLD\/de\/uber-die-gld\/","og_locale":"en_US","og_type":"article","og_title":"\u00dcber die GLD - ATA German Language Division","og_description":"Die German Language Division (GLD) ist die Sprachgruppe der American Translators Association (ATA) f\u00fcr \u00dcbersetzer:innen und Dolmetscher:innen mit der Arbeitssprache Deutsch. Die GLD wurde 1997 auf der ATA-Konferenz in San Francisco gegr\u00fcndet. Mit rund 750 Mitgliedern ist die GLD derzeit die drittgr\u00f6\u00dfte Sprachgruppe innerhalb der [&hellip;]","og_url":"https:\/\/ata-divisions.org\/GLD\/de\/uber-die-gld\/","og_site_name":"ATA German Language Division","article_modified_time":"2024-09-18T08:43:55+00:00","twitter_card":"summary_large_image","twitter_misc":{"Est. reading time":"1 minute"},"schema":{"@context":"https:\/\/schema.org","@graph":[{"@type":"WebPage","@id":"https:\/\/ata-divisions.org\/GLD\/de\/uber-die-gld\/","url":"https:\/\/ata-divisions.org\/GLD\/de\/uber-die-gld\/","name":"\u00dcber die GLD - ATA German Language Division","isPartOf":{"@id":"https:\/\/ata-divisions.org\/GLD\/#website"},"datePublished":"2023-03-19T15:51:12+00:00","dateModified":"2024-09-18T08:43:55+00:00","breadcrumb":{"@id":"https:\/\/ata-divisions.org\/GLD\/de\/uber-die-gld\/#breadcrumb"},"inLanguage":"en-US","potentialAction":[{"@type":"ReadAction","target":["https:\/\/ata-divisions.org\/GLD\/de\/uber-die-gld\/"]}]},{"@type":"BreadcrumbList","@id":"https:\/\/ata-divisions.org\/GLD\/de\/uber-die-gld\/#breadcrumb","itemListElement":[{"@type":"ListItem","position":1,"name":"Home","item":"https:\/\/ata-divisions.org\/GLD\/"},{"@type":"ListItem","position":2,"name":"\u00dcber die GLD"}]},{"@type":"WebSite","@id":"https:\/\/ata-divisions.org\/GLD\/#website","url":"https:\/\/ata-divisions.org\/GLD\/","name":"ATA German Language Division","description":"","publisher":{"@id":"https:\/\/ata-divisions.org\/GLD\/#organization"},"potentialAction":[{"@type":"SearchAction","target":{"@type":"EntryPoint","urlTemplate":"https:\/\/ata-divisions.org\/GLD\/?s={search_term_string}"},"query-input":{"@type":"PropertyValueSpecification","valueRequired":true,"valueName":"search_term_string"}}],"inLanguage":"en-US"},{"@type":"Organization","@id":"https:\/\/ata-divisions.org\/GLD\/#organization","name":"GLD German Language Division","url":"https:\/\/ata-divisions.org\/GLD\/","logo":{"@type":"ImageObject","inLanguage":"en-US","@id":"https:\/\/ata-divisions.org\/GLD\/#\/schema\/logo\/image\/","url":"https:\/\/ata-divisions.org\/GLD\/wp-content\/uploads\/2016\/10\/GLD-ATA-Logo-blue.png","contentUrl":"https:\/\/ata-divisions.org\/GLD\/wp-content\/uploads\/2016\/10\/GLD-ATA-Logo-blue.png","width":390,"height":390,"caption":"GLD German Language Division"},"image":{"@id":"https:\/\/ata-divisions.org\/GLD\/#\/schema\/logo\/image\/"}}]}},"_links":{"self":[{"href":"https:\/\/ata-divisions.org\/GLD\/wp-json\/wp\/v2\/pages\/4813","targetHints":{"allow":["GET"]}}],"collection":[{"href":"https:\/\/ata-divisions.org\/GLD\/wp-json\/wp\/v2\/pages"}],"about":[{"href":"https:\/\/ata-divisions.org\/GLD\/wp-json\/wp\/v2\/types\/page"}],"author":[{"embeddable":true,"href":"https:\/\/ata-divisions.org\/GLD\/wp-json\/wp\/v2\/users\/23"}],"replies":[{"embeddable":true,"href":"https:\/\/ata-divisions.org\/GLD\/wp-json\/wp\/v2\/comments?post=4813"}],"version-history":[{"count":12,"href":"https:\/\/ata-divisions.org\/GLD\/wp-json\/wp\/v2\/pages\/4813\/revisions"}],"predecessor-version":[{"id":6799,"href":"https:\/\/ata-divisions.org\/GLD\/wp-json\/wp\/v2\/pages\/4813\/revisions\/6799"}],"wp:attachment":[{"href":"https:\/\/ata-divisions.org\/GLD\/wp-json\/wp\/v2\/media?parent=4813"}],"curies":[{"name":"wp","href":"https:\/\/api.w.org\/{rel}","templated":true}]}}