{"id":4816,"date":"2023-03-19T15:53:06","date_gmt":"2023-03-19T15:53:06","guid":{"rendered":"https:\/\/ata-divisions.org\/GLD\/?page_id=4816"},"modified":"2024-03-20T16:04:14","modified_gmt":"2024-03-20T16:04:14","slug":"mitglied-werden","status":"publish","type":"page","link":"https:\/\/ata-divisions.org\/GLD\/de\/mitglied-werden\/","title":{"rendered":"GLD-Mitglied werden"},"content":{"rendered":"<div id=\"pl-gb4816-69e656566e355\"  class=\"panel-layout\" ><div id=\"pg-gb4816-69e656566e355-0\"  class=\"panel-grid panel-has-style\" ><div class=\"siteorigin-panels-stretch panel-row-style panel-row-style-for-gb4816-69e656566e355-0\" style=\"padding: 80px 0; \" data-stretch-type=\"full\" data-overlay=\"true\" data-overlay-color=\"#000000\" ><div id=\"pgc-gb4816-69e656566e355-0-0\"  class=\"panel-grid-cell\" ><div id=\"panel-gb4816-69e656566e355-0-0-0\" class=\"so-panel widget_sow-editor panel-first-child\" data-index=\"0\" ><div style=\"text-align: left;\" data-title-color=\"#443f3f\" data-headings-color=\"#443f3f\" class=\"panel-widget-style panel-widget-style-for-gb4816-69e656566e355-0-0-0\" ><div\n\t\t\t\n\t\t\tclass=\"so-widget-sow-editor so-widget-sow-editor-base\"\n\t\t\t\n\t\t><h3 class=\"widget-title\">Unsere Mitglieder<\/h3>\n<div class=\"siteorigin-widget-tinymce textwidget\">\n\t<p>Die Mitglieder der GLD \u00fcbersetzen und dolmetschen ins Deutsche oder aus dem Deutschen \u2013 ebenso wie in und aus vielen anderen Sprachen der Welt. Viele unserer Mitglieder sind von der American Translators Association zertifiziert (die ATA bietet derzeit jedoch kein Zertifikat f\u00fcr Dolmetscher an).<\/p>\n<p>Unsere Mitglieder sind Fachleute in den unterschiedlichsten Bereichen. Die Liste reicht von Fertigung und Technik bis hin zu Medizin und Pharmazie, von Finanzen und Wirtschaft bis hin zu Patenten und Recht, von Kommunikation und Marketing bis hin zu Literatur \u2013 und sie geht noch weiter. <\/p>\n<p>Obwohl die meisten unserer Mitglieder in den Vereinigten Staaten ans\u00e4ssig sind, lebt eine ganze Reihe von Mitgliedern in Kanada und in Europa. Der Gro\u00dfteil unserer Mitglieder au\u00dferhalb der USA wohnt in Deutschland. Und einige sind sogar auf beiden Seiten des Atlantiks zu Hause.<\/p>\n<\/div>\n<\/div><\/div><\/div><div id=\"panel-gb4816-69e656566e355-0-0-1\" class=\"so-panel widget_sydney_action sydney_action_widget\" data-index=\"1\" ><div style=\"text-align: left;\" data-title-color=\"#443f3f\" data-headings-color=\"#443f3f\" class=\"panel-widget-style panel-widget-style-for-gb4816-69e656566e355-0-0-1\" >        <div class=\"roll-promobox aside-style\">\r\n\t\t\t<div class=\"promo-wrap\">\r\n\t\t\t\t\t\t\t\t<div class=\"promo-controls\">\r\n\t\t\t\t\t<a href=\"https:\/\/www.atanet.org\/membersonly\/div_modify.php\" class=\"roll-button border\">Mitglied der GLD werden<\/a>\r\n\t\t\t\t<\/div>\r\n\t\t\t<\/div>\r\n        <\/div>\r\n\t<\/div><\/div><div id=\"panel-gb4816-69e656566e355-0-0-2\" class=\"so-panel widget_sow-editor panel-last-child\" data-index=\"2\" ><div style=\"text-align: left;\" data-title-color=\"#443f3f\" data-headings-color=\"#443f3f\" class=\"panel-widget-style panel-widget-style-for-gb4816-69e656566e355-0-0-2\" ><div\n\t\t\t\n\t\t\tclass=\"so-widget-sow-editor so-widget-sow-editor-base\"\n\t\t\t\n\t\t>\n<div class=\"siteorigin-widget-tinymce textwidget\">\n\t<hr \/>\n<p style=\"padding-left: 40px;\"><span style=\"font-weight: 400;\">M\u00f6chten Sie mehr \u00fcber die GLD und unsere Angebote erfahren? Kontaktieren Sie unsere Koordinatorin f\u00fcr neue Mitglieder, Kristina Cosumano, unter <\/span><em><span style=\"text-decoration: underline;\"><span style=\"font-weight: 400;\">kristina@licustranslation.com<\/span><\/span><\/em><span style=\"font-weight: 400;\">.<\/span><\/p>\n<\/div>\n<\/div><\/div><\/div><\/div><\/div><\/div><\/div>","protected":false},"excerpt":{"rendered":"<p>Die Mitglieder der GLD \u00fcbersetzen und dolmetschen ins Deutsche oder aus dem Deutschen \u2013 ebenso wie in und aus vielen anderen Sprachen der Welt. Viele unserer Mitglieder sind von der American Translators Association zertifiziert (die ATA bietet derzeit jedoch kein Zertifikat f\u00fcr Dolmetscher an). Unsere [&hellip;]<\/p>\n","protected":false},"author":23,"featured_media":0,"parent":0,"menu_order":0,"comment_status":"closed","ping_status":"closed","template":"page-templates\/page_front-page.php","meta":{"footnotes":""},"class_list":["post-4816","page","type-page","status-publish","hentry"],"yoast_head":"<!-- This site is optimized with the Yoast SEO plugin v27.1.1 - https:\/\/yoast.com\/product\/yoast-seo-wordpress\/ -->\n<title>GLD-Mitglied werden - ATA German Language Division<\/title>\n<meta name=\"robots\" content=\"index, follow, max-snippet:-1, max-image-preview:large, max-video-preview:-1\" \/>\n<link rel=\"canonical\" href=\"https:\/\/ata-divisions.org\/GLD\/de\/mitglied-werden\/\" \/>\n<meta property=\"og:locale\" content=\"en_US\" \/>\n<meta property=\"og:type\" content=\"article\" \/>\n<meta property=\"og:title\" content=\"GLD-Mitglied werden - ATA German Language Division\" \/>\n<meta property=\"og:description\" content=\"Die Mitglieder der GLD \u00fcbersetzen und dolmetschen ins Deutsche oder aus dem Deutschen \u2013 ebenso wie in und aus vielen anderen Sprachen der Welt. Viele unserer Mitglieder sind von der American Translators Association zertifiziert (die ATA bietet derzeit jedoch kein Zertifikat f\u00fcr Dolmetscher an). Unsere [&hellip;]\" \/>\n<meta property=\"og:url\" content=\"https:\/\/ata-divisions.org\/GLD\/de\/mitglied-werden\/\" \/>\n<meta property=\"og:site_name\" content=\"ATA German Language Division\" \/>\n<meta property=\"article:modified_time\" content=\"2024-03-20T16:04:14+00:00\" \/>\n<meta name=\"twitter:card\" content=\"summary_large_image\" \/>\n<meta name=\"twitter:label1\" content=\"Est. reading time\" \/>\n\t<meta name=\"twitter:data1\" content=\"1 minute\" \/>\n<script type=\"application\/ld+json\" class=\"yoast-schema-graph\">{\"@context\":\"https:\/\/schema.org\",\"@graph\":[{\"@type\":\"WebPage\",\"@id\":\"https:\/\/ata-divisions.org\/GLD\/de\/mitglied-werden\/\",\"url\":\"https:\/\/ata-divisions.org\/GLD\/de\/mitglied-werden\/\",\"name\":\"GLD-Mitglied werden - ATA German Language Division\",\"isPartOf\":{\"@id\":\"https:\/\/ata-divisions.org\/GLD\/#website\"},\"datePublished\":\"2023-03-19T15:53:06+00:00\",\"dateModified\":\"2024-03-20T16:04:14+00:00\",\"breadcrumb\":{\"@id\":\"https:\/\/ata-divisions.org\/GLD\/de\/mitglied-werden\/#breadcrumb\"},\"inLanguage\":\"en-US\",\"potentialAction\":[{\"@type\":\"ReadAction\",\"target\":[\"https:\/\/ata-divisions.org\/GLD\/de\/mitglied-werden\/\"]}]},{\"@type\":\"BreadcrumbList\",\"@id\":\"https:\/\/ata-divisions.org\/GLD\/de\/mitglied-werden\/#breadcrumb\",\"itemListElement\":[{\"@type\":\"ListItem\",\"position\":1,\"name\":\"Home\",\"item\":\"https:\/\/ata-divisions.org\/GLD\/\"},{\"@type\":\"ListItem\",\"position\":2,\"name\":\"GLD-Mitglied werden\"}]},{\"@type\":\"WebSite\",\"@id\":\"https:\/\/ata-divisions.org\/GLD\/#website\",\"url\":\"https:\/\/ata-divisions.org\/GLD\/\",\"name\":\"ATA German Language Division\",\"description\":\"\",\"publisher\":{\"@id\":\"https:\/\/ata-divisions.org\/GLD\/#organization\"},\"potentialAction\":[{\"@type\":\"SearchAction\",\"target\":{\"@type\":\"EntryPoint\",\"urlTemplate\":\"https:\/\/ata-divisions.org\/GLD\/?s={search_term_string}\"},\"query-input\":{\"@type\":\"PropertyValueSpecification\",\"valueRequired\":true,\"valueName\":\"search_term_string\"}}],\"inLanguage\":\"en-US\"},{\"@type\":\"Organization\",\"@id\":\"https:\/\/ata-divisions.org\/GLD\/#organization\",\"name\":\"GLD German Language Division\",\"url\":\"https:\/\/ata-divisions.org\/GLD\/\",\"logo\":{\"@type\":\"ImageObject\",\"inLanguage\":\"en-US\",\"@id\":\"https:\/\/ata-divisions.org\/GLD\/#\/schema\/logo\/image\/\",\"url\":\"https:\/\/ata-divisions.org\/GLD\/wp-content\/uploads\/2016\/10\/GLD-ATA-Logo-blue.png\",\"contentUrl\":\"https:\/\/ata-divisions.org\/GLD\/wp-content\/uploads\/2016\/10\/GLD-ATA-Logo-blue.png\",\"width\":390,\"height\":390,\"caption\":\"GLD German Language Division\"},\"image\":{\"@id\":\"https:\/\/ata-divisions.org\/GLD\/#\/schema\/logo\/image\/\"}}]}<\/script>\n<!-- \/ Yoast SEO plugin. -->","yoast_head_json":{"title":"GLD-Mitglied werden - ATA German Language Division","robots":{"index":"index","follow":"follow","max-snippet":"max-snippet:-1","max-image-preview":"max-image-preview:large","max-video-preview":"max-video-preview:-1"},"canonical":"https:\/\/ata-divisions.org\/GLD\/de\/mitglied-werden\/","og_locale":"en_US","og_type":"article","og_title":"GLD-Mitglied werden - ATA German Language Division","og_description":"Die Mitglieder der GLD \u00fcbersetzen und dolmetschen ins Deutsche oder aus dem Deutschen \u2013 ebenso wie in und aus vielen anderen Sprachen der Welt. Viele unserer Mitglieder sind von der American Translators Association zertifiziert (die ATA bietet derzeit jedoch kein Zertifikat f\u00fcr Dolmetscher an). Unsere [&hellip;]","og_url":"https:\/\/ata-divisions.org\/GLD\/de\/mitglied-werden\/","og_site_name":"ATA German Language Division","article_modified_time":"2024-03-20T16:04:14+00:00","twitter_card":"summary_large_image","twitter_misc":{"Est. reading time":"1 minute"},"schema":{"@context":"https:\/\/schema.org","@graph":[{"@type":"WebPage","@id":"https:\/\/ata-divisions.org\/GLD\/de\/mitglied-werden\/","url":"https:\/\/ata-divisions.org\/GLD\/de\/mitglied-werden\/","name":"GLD-Mitglied werden - ATA German Language Division","isPartOf":{"@id":"https:\/\/ata-divisions.org\/GLD\/#website"},"datePublished":"2023-03-19T15:53:06+00:00","dateModified":"2024-03-20T16:04:14+00:00","breadcrumb":{"@id":"https:\/\/ata-divisions.org\/GLD\/de\/mitglied-werden\/#breadcrumb"},"inLanguage":"en-US","potentialAction":[{"@type":"ReadAction","target":["https:\/\/ata-divisions.org\/GLD\/de\/mitglied-werden\/"]}]},{"@type":"BreadcrumbList","@id":"https:\/\/ata-divisions.org\/GLD\/de\/mitglied-werden\/#breadcrumb","itemListElement":[{"@type":"ListItem","position":1,"name":"Home","item":"https:\/\/ata-divisions.org\/GLD\/"},{"@type":"ListItem","position":2,"name":"GLD-Mitglied werden"}]},{"@type":"WebSite","@id":"https:\/\/ata-divisions.org\/GLD\/#website","url":"https:\/\/ata-divisions.org\/GLD\/","name":"ATA German Language Division","description":"","publisher":{"@id":"https:\/\/ata-divisions.org\/GLD\/#organization"},"potentialAction":[{"@type":"SearchAction","target":{"@type":"EntryPoint","urlTemplate":"https:\/\/ata-divisions.org\/GLD\/?s={search_term_string}"},"query-input":{"@type":"PropertyValueSpecification","valueRequired":true,"valueName":"search_term_string"}}],"inLanguage":"en-US"},{"@type":"Organization","@id":"https:\/\/ata-divisions.org\/GLD\/#organization","name":"GLD German Language Division","url":"https:\/\/ata-divisions.org\/GLD\/","logo":{"@type":"ImageObject","inLanguage":"en-US","@id":"https:\/\/ata-divisions.org\/GLD\/#\/schema\/logo\/image\/","url":"https:\/\/ata-divisions.org\/GLD\/wp-content\/uploads\/2016\/10\/GLD-ATA-Logo-blue.png","contentUrl":"https:\/\/ata-divisions.org\/GLD\/wp-content\/uploads\/2016\/10\/GLD-ATA-Logo-blue.png","width":390,"height":390,"caption":"GLD German Language Division"},"image":{"@id":"https:\/\/ata-divisions.org\/GLD\/#\/schema\/logo\/image\/"}}]}},"_links":{"self":[{"href":"https:\/\/ata-divisions.org\/GLD\/wp-json\/wp\/v2\/pages\/4816","targetHints":{"allow":["GET"]}}],"collection":[{"href":"https:\/\/ata-divisions.org\/GLD\/wp-json\/wp\/v2\/pages"}],"about":[{"href":"https:\/\/ata-divisions.org\/GLD\/wp-json\/wp\/v2\/types\/page"}],"author":[{"embeddable":true,"href":"https:\/\/ata-divisions.org\/GLD\/wp-json\/wp\/v2\/users\/23"}],"replies":[{"embeddable":true,"href":"https:\/\/ata-divisions.org\/GLD\/wp-json\/wp\/v2\/comments?post=4816"}],"version-history":[{"count":9,"href":"https:\/\/ata-divisions.org\/GLD\/wp-json\/wp\/v2\/pages\/4816\/revisions"}],"predecessor-version":[{"id":6817,"href":"https:\/\/ata-divisions.org\/GLD\/wp-json\/wp\/v2\/pages\/4816\/revisions\/6817"}],"wp:attachment":[{"href":"https:\/\/ata-divisions.org\/GLD\/wp-json\/wp\/v2\/media?parent=4816"}],"curies":[{"name":"wp","href":"https:\/\/api.w.org\/{rel}","templated":true}]}}