{"id":4828,"date":"2023-03-19T16:21:31","date_gmt":"2023-03-19T16:21:31","guid":{"rendered":"https:\/\/ata-divisions.org\/GLD\/?page_id=4828"},"modified":"2025-02-21T15:00:12","modified_gmt":"2025-02-21T15:00:12","slug":"news-veranstaltungen","status":"publish","type":"page","link":"https:\/\/ata-divisions.org\/GLD\/de\/news-veranstaltungen\/","title":{"rendered":"News &#038; Veranstaltungen"},"content":{"rendered":"<div id=\"pl-gb4828-69d79b597c3b6\"  class=\"panel-layout wp-block-siteorigin-panels-layout-block panel-layout\" ><div id=\"pg-gb4828-69d79b597c3b6-0\"  class=\"panel-grid panel-has-style\" ><div class=\"siteorigin-panels-stretch panel-row-style panel-row-style-for-gb4828-69d79b597c3b6-0\" style=\"padding: 80px 0; \" data-stretch-type=\"full\" data-overlay=\"true\" ><div id=\"pgc-gb4828-69d79b597c3b6-0-0\"  class=\"panel-grid-cell\" ><div id=\"panel-gb4828-69d79b597c3b6-0-0-0\" class=\"so-panel widget_sow-editor panel-first-child panel-last-child\" data-index=\"0\" ><div style=\"text-align: left;\" data-title-color=\"#443f3f\" data-headings-color=\"#443f3f\" class=\"panel-widget-style panel-widget-style-for-gb4828-69d79b597c3b6-0-0-0\" ><div\n\t\t\t\n\t\t\tclass=\"so-widget-sow-editor so-widget-sow-editor-base\"\n\t\t\t\n\t\t><h3 class=\"widget-title\">The latest from the GLD<\/h3>\n<div class=\"siteorigin-widget-tinymce textwidget\">\n\t<p>Despite GLD members\u2019 far-flung locations, we get together whenever we can. The ATA Annual Conference, with a dedicated GLD social event, as well as the GLD Members in Europe Workshop provide members with the opportunity for face-to-face networking and education. To maintain contact between on-site events, our Digital Events Coordinators arrange for Digital Socials and GLD webinars. ATA membership allows members to attend many international T&amp;I-related events at a discount. Check out our GLD calendar to find out about events of interest to our members\u2014all over the world!<\/p>\n<\/div>\n<\/div><\/div><\/div><\/div><\/div><\/div><div id=\"pg-gb4828-69d79b597c3b6-1\"  class=\"panel-grid panel-has-style\" ><div style=\"padding: 100px 0; \" data-overlay=\"true\" data-overlay-color=\"#000000\" class=\"panel-row-style panel-row-style-for-gb4828-69d79b597c3b6-1\" ><div id=\"pgc-gb4828-69d79b597c3b6-1-0\"  class=\"panel-grid-cell\" ><div id=\"panel-gb4828-69d79b597c3b6-1-0-0\" class=\"so-panel widget_sow-editor panel-first-child panel-last-child\" data-index=\"1\" ><div style=\"text-align: left;\" data-title-color=\"#443f3f\" data-headings-color=\"#443f3f\" class=\"panel-widget-style panel-widget-style-for-gb4828-69d79b597c3b6-1-0-0\" ><div\n\t\t\t\n\t\t\tclass=\"so-widget-sow-editor so-widget-sow-editor-base\"\n\t\t\t\n\t\t><h3 class=\"widget-title\">GLD Digitale Veranstaltungen<\/h3>\n<div class=\"siteorigin-widget-tinymce textwidget\">\n\t<p>Unsere Koordinatorinnen f\u00fcr digitale Events Katrin Rippel Galati und Megan Falk halten regelm\u00e4\u00dfig GLD Digital Socials und Webinare mit speziell auf GLD-Mitglieder zugeschnittenen Themen ab.<\/p>\n<p>GLD Digitale Veranstaltungen finden Sie <strong><span style=\"color: #0000ff;\"><a style=\"color: #0000ff;\" href=\"https:\/\/ata-divisions.org\/GLD\/de\/gld-digitale-veranstaltungen\/\">hier<\/a><\/span><\/strong>.<\/p>\n<\/div>\n<\/div><\/div><\/div><\/div><\/div><\/div><div id=\"pg-gb4828-69d79b597c3b6-2\"  class=\"panel-grid panel-has-style\" ><div style=\"padding: 100px 0; \" data-overlay=\"true\" data-overlay-color=\"#000000\" class=\"panel-row-style panel-row-style-for-gb4828-69d79b597c3b6-2\" ><div id=\"pgc-gb4828-69d79b597c3b6-2-0\"  class=\"panel-grid-cell\" ><div id=\"panel-gb4828-69d79b597c3b6-2-0-0\" class=\"so-panel widget_sow-editor panel-first-child panel-last-child\" data-index=\"2\" ><div style=\"text-align: left;\" data-title-color=\"#443f3f\" data-headings-color=\"#443f3f\" class=\"panel-widget-style panel-widget-style-for-gb4828-69d79b597c3b6-2-0-0\" ><div\n\t\t\t\n\t\t\tclass=\"so-widget-sow-editor so-widget-sow-editor-base\"\n\t\t\t\n\t\t><h3 class=\"widget-title\">GLD Mitgliederversammlungen<\/h3>\n<div class=\"siteorigin-widget-tinymce textwidget\">\n\t<p>Wie bei allen anderen Divisions der ATA l\u00e4dt auch der GLD Leadership Council GLD alle Mitglieder zu Versammlungen ein, um sie \u00fcber die j\u00fcngsten Aktivit\u00e4ten auf dem Laufenden zu halten, berufsrelevante Themen zu diskutieren und Feedback aus der Mitgliedschaft zu erhalten.<\/p>\n<p>Die Protokolle der Versammlungen finden Sie unter dem Reiter Mitgliedervorteile, Ressourcen (<strong><span style=\"color: #0000ff;\"><a style=\"color: #0000ff;\" href=\"https:\/\/ata-divisions.org\/GLD\/gld-archive\/\">GLD-Archiv<\/a><\/span><\/strong>) auf der GLD-Website.<\/p>\n<\/div>\n<\/div><\/div><\/div><\/div><\/div><\/div><div id=\"pg-gb4828-69d79b597c3b6-3\"  class=\"panel-grid panel-has-style\" ><div class=\"siteorigin-panels-stretch panel-row-style panel-row-style-for-gb4828-69d79b597c3b6-3\" style=\"text-align: center;padding: 80px 0; \" data-stretch-type=\"full\" data-overlay=\"true\" data-overlay-color=\"#000000\" ><div id=\"pgc-gb4828-69d79b597c3b6-3-0\"  class=\"panel-grid-cell\" ><div id=\"panel-gb4828-69d79b597c3b6-3-0-0\" class=\"so-panel widget_sow-editor panel-first-child\" data-index=\"3\" ><div style=\"text-align: left;\" data-title-color=\"#443f3f\" data-headings-color=\"#443f3f\" class=\"panel-widget-style panel-widget-style-for-gb4828-69d79b597c3b6-3-0-0\" ><div\n\t\t\t\n\t\t\tclass=\"so-widget-sow-editor so-widget-sow-editor-base\"\n\t\t\t\n\t\t><h3 class=\"widget-title\">GLD-Kalender<\/h3>\n<div class=\"siteorigin-widget-tinymce textwidget\">\n\t<p>Im GLD-Kalender f\u00fcr Veranstaltungen im Bereich \u00dcbersetzen und Dolmetschen werden alle Branchenevents weltweit gesammelt, die f\u00fcr \u00dcbersetzer:innen und Dolmetscher:innen mit den Arbeitssprachen Deutsch-Englisch von Interesse sein k\u00f6nnten. Alle Events lassen sich durch Klick auf das Plus-Zeichen zu Ihrem Google-Kalender hinzuf\u00fcgen.<\/p>\n<p>Haben wir vielleicht eine Veranstaltung \u00fcbersehen? Lassen Sie es uns wissen und schicken Sie einfach eine Nachricht an Stella Waltemade \u2013 <span style=\"color: #0000ff;\"><strong>post@stellawaltemade.de<\/strong><\/span>. Wir sorgen daf\u00fcr, dass auch Ihre Kollegen davon erfahren!<\/p>\n<\/div>\n<\/div><\/div><\/div><div id=\"panel-gb4828-69d79b597c3b6-3-0-1\" class=\"so-panel widget_sow-editor\" data-index=\"4\" ><div style=\"text-align: center;\" data-title-color=\"#443f3f\" data-headings-color=\"#443f3f\" class=\"panel-widget-style panel-widget-style-for-gb4828-69d79b597c3b6-3-0-1\" ><div\n\t\t\t\n\t\t\tclass=\"so-widget-sow-editor so-widget-sow-editor-base\"\n\t\t\t\n\t\t>\n<div class=\"siteorigin-widget-tinymce textwidget\">\n\t<p><iframe loading=\"lazy\" style=\"border: solid 1px #777;\" src=\"https:\/\/calendar.google.com\/calendar\/embed?height=700&amp;wkst=1&amp;ctz=America%2FNew_York&amp;showPrint=0&amp;src=Z2VybWFubGFuZ3VhZ2VkaXZpc2lvbmF0YUBnbWFpbC5jb20&amp;color=%23039BE5\" width=\"1100\" height=\"700\" frameborder=\"0\" scrolling=\"no\"><\/iframe><\/p>\n<\/div>\n<\/div><\/div><\/div><div id=\"panel-gb4828-69d79b597c3b6-3-0-2\" class=\"so-panel widget_sow-editor panel-last-child\" data-index=\"5\" ><div style=\"text-align: left;\" data-title-color=\"#443f3f\" data-headings-color=\"#443f3f\" class=\"panel-widget-style panel-widget-style-for-gb4828-69d79b597c3b6-3-0-2\" ><div\n\t\t\t\n\t\t\tclass=\"so-widget-sow-editor so-widget-sow-editor-base\"\n\t\t\t\n\t\t>\n<div class=\"siteorigin-widget-tinymce textwidget\">\n\t<p>Den ATA Calendar of Events finden Sie <strong><span style=\"color: #0000ff;\"><a style=\"color: #0000ff;\" href=\"https:\/\/www.atanet.org\/calendar\/index.php\">hier<\/a><\/span><\/strong>. Um zum aktuellen Zeitplan f\u00fcr das ATA Certification Exam zu gelangen, klicken Sie bitte<strong><span style=\"color: #0000ff;\"> <a style=\"color: #0000ff;\" href=\"https:\/\/www.atanet.org\/certification\/upcoming_exam_sittings.php\">hier<\/a><\/span><\/strong>.<\/p>\n<\/div>\n<\/div><\/div><\/div><\/div><\/div><\/div><\/div>","protected":false},"excerpt":{"rendered":"<p>Despite GLD members\u2019 far-flung locations, we get together whenever we can. The ATA Annual Conference, with a dedicated GLD social event, as well as the GLD Members in Europe Workshop provide members with the opportunity for face-to-face networking and education. To maintain contact between on-site [&hellip;]<\/p>\n","protected":false},"author":23,"featured_media":0,"parent":0,"menu_order":0,"comment_status":"closed","ping_status":"closed","template":"page-templates\/page_front-page.php","meta":{"footnotes":""},"class_list":["post-4828","page","type-page","status-publish","hentry"],"yoast_head":"<!-- This site is optimized with the Yoast SEO plugin v27.1.1 - https:\/\/yoast.com\/product\/yoast-seo-wordpress\/ -->\n<title>News &amp; Veranstaltungen - ATA German Language Division<\/title>\n<meta name=\"robots\" content=\"index, follow, max-snippet:-1, max-image-preview:large, max-video-preview:-1\" \/>\n<link rel=\"canonical\" href=\"https:\/\/ata-divisions.org\/GLD\/de\/news-veranstaltungen\/\" \/>\n<meta property=\"og:locale\" content=\"en_US\" \/>\n<meta property=\"og:type\" content=\"article\" \/>\n<meta property=\"og:title\" content=\"News &amp; Veranstaltungen - ATA German Language Division\" \/>\n<meta property=\"og:description\" content=\"Despite GLD members\u2019 far-flung locations, we get together whenever we can. The ATA Annual Conference, with a dedicated GLD social event, as well as the GLD Members in Europe Workshop provide members with the opportunity for face-to-face networking and education. To maintain contact between on-site [&hellip;]\" \/>\n<meta property=\"og:url\" content=\"https:\/\/ata-divisions.org\/GLD\/de\/news-veranstaltungen\/\" \/>\n<meta property=\"og:site_name\" content=\"ATA German Language Division\" \/>\n<meta property=\"article:modified_time\" content=\"2025-02-21T15:00:12+00:00\" \/>\n<meta name=\"twitter:card\" content=\"summary_large_image\" \/>\n<meta name=\"twitter:label1\" content=\"Est. reading time\" \/>\n\t<meta name=\"twitter:data1\" content=\"2 minutes\" \/>\n<script type=\"application\/ld+json\" class=\"yoast-schema-graph\">{\"@context\":\"https:\/\/schema.org\",\"@graph\":[{\"@type\":\"WebPage\",\"@id\":\"https:\/\/ata-divisions.org\/GLD\/de\/news-veranstaltungen\/\",\"url\":\"https:\/\/ata-divisions.org\/GLD\/de\/news-veranstaltungen\/\",\"name\":\"News & Veranstaltungen - ATA German Language Division\",\"isPartOf\":{\"@id\":\"https:\/\/ata-divisions.org\/GLD\/#website\"},\"datePublished\":\"2023-03-19T16:21:31+00:00\",\"dateModified\":\"2025-02-21T15:00:12+00:00\",\"breadcrumb\":{\"@id\":\"https:\/\/ata-divisions.org\/GLD\/de\/news-veranstaltungen\/#breadcrumb\"},\"inLanguage\":\"en-US\",\"potentialAction\":[{\"@type\":\"ReadAction\",\"target\":[\"https:\/\/ata-divisions.org\/GLD\/de\/news-veranstaltungen\/\"]}]},{\"@type\":\"BreadcrumbList\",\"@id\":\"https:\/\/ata-divisions.org\/GLD\/de\/news-veranstaltungen\/#breadcrumb\",\"itemListElement\":[{\"@type\":\"ListItem\",\"position\":1,\"name\":\"Home\",\"item\":\"https:\/\/ata-divisions.org\/GLD\/\"},{\"@type\":\"ListItem\",\"position\":2,\"name\":\"News &#038; Veranstaltungen\"}]},{\"@type\":\"WebSite\",\"@id\":\"https:\/\/ata-divisions.org\/GLD\/#website\",\"url\":\"https:\/\/ata-divisions.org\/GLD\/\",\"name\":\"ATA German Language Division\",\"description\":\"\",\"publisher\":{\"@id\":\"https:\/\/ata-divisions.org\/GLD\/#organization\"},\"potentialAction\":[{\"@type\":\"SearchAction\",\"target\":{\"@type\":\"EntryPoint\",\"urlTemplate\":\"https:\/\/ata-divisions.org\/GLD\/?s={search_term_string}\"},\"query-input\":{\"@type\":\"PropertyValueSpecification\",\"valueRequired\":true,\"valueName\":\"search_term_string\"}}],\"inLanguage\":\"en-US\"},{\"@type\":\"Organization\",\"@id\":\"https:\/\/ata-divisions.org\/GLD\/#organization\",\"name\":\"GLD German Language Division\",\"url\":\"https:\/\/ata-divisions.org\/GLD\/\",\"logo\":{\"@type\":\"ImageObject\",\"inLanguage\":\"en-US\",\"@id\":\"https:\/\/ata-divisions.org\/GLD\/#\/schema\/logo\/image\/\",\"url\":\"https:\/\/ata-divisions.org\/GLD\/wp-content\/uploads\/2016\/10\/GLD-ATA-Logo-blue.png\",\"contentUrl\":\"https:\/\/ata-divisions.org\/GLD\/wp-content\/uploads\/2016\/10\/GLD-ATA-Logo-blue.png\",\"width\":390,\"height\":390,\"caption\":\"GLD German Language Division\"},\"image\":{\"@id\":\"https:\/\/ata-divisions.org\/GLD\/#\/schema\/logo\/image\/\"}}]}<\/script>\n<!-- \/ Yoast SEO plugin. -->","yoast_head_json":{"title":"News & Veranstaltungen - ATA German Language Division","robots":{"index":"index","follow":"follow","max-snippet":"max-snippet:-1","max-image-preview":"max-image-preview:large","max-video-preview":"max-video-preview:-1"},"canonical":"https:\/\/ata-divisions.org\/GLD\/de\/news-veranstaltungen\/","og_locale":"en_US","og_type":"article","og_title":"News & Veranstaltungen - ATA German Language Division","og_description":"Despite GLD members\u2019 far-flung locations, we get together whenever we can. The ATA Annual Conference, with a dedicated GLD social event, as well as the GLD Members in Europe Workshop provide members with the opportunity for face-to-face networking and education. To maintain contact between on-site [&hellip;]","og_url":"https:\/\/ata-divisions.org\/GLD\/de\/news-veranstaltungen\/","og_site_name":"ATA German Language Division","article_modified_time":"2025-02-21T15:00:12+00:00","twitter_card":"summary_large_image","twitter_misc":{"Est. reading time":"2 minutes"},"schema":{"@context":"https:\/\/schema.org","@graph":[{"@type":"WebPage","@id":"https:\/\/ata-divisions.org\/GLD\/de\/news-veranstaltungen\/","url":"https:\/\/ata-divisions.org\/GLD\/de\/news-veranstaltungen\/","name":"News & Veranstaltungen - ATA German Language Division","isPartOf":{"@id":"https:\/\/ata-divisions.org\/GLD\/#website"},"datePublished":"2023-03-19T16:21:31+00:00","dateModified":"2025-02-21T15:00:12+00:00","breadcrumb":{"@id":"https:\/\/ata-divisions.org\/GLD\/de\/news-veranstaltungen\/#breadcrumb"},"inLanguage":"en-US","potentialAction":[{"@type":"ReadAction","target":["https:\/\/ata-divisions.org\/GLD\/de\/news-veranstaltungen\/"]}]},{"@type":"BreadcrumbList","@id":"https:\/\/ata-divisions.org\/GLD\/de\/news-veranstaltungen\/#breadcrumb","itemListElement":[{"@type":"ListItem","position":1,"name":"Home","item":"https:\/\/ata-divisions.org\/GLD\/"},{"@type":"ListItem","position":2,"name":"News &#038; Veranstaltungen"}]},{"@type":"WebSite","@id":"https:\/\/ata-divisions.org\/GLD\/#website","url":"https:\/\/ata-divisions.org\/GLD\/","name":"ATA German Language Division","description":"","publisher":{"@id":"https:\/\/ata-divisions.org\/GLD\/#organization"},"potentialAction":[{"@type":"SearchAction","target":{"@type":"EntryPoint","urlTemplate":"https:\/\/ata-divisions.org\/GLD\/?s={search_term_string}"},"query-input":{"@type":"PropertyValueSpecification","valueRequired":true,"valueName":"search_term_string"}}],"inLanguage":"en-US"},{"@type":"Organization","@id":"https:\/\/ata-divisions.org\/GLD\/#organization","name":"GLD German Language Division","url":"https:\/\/ata-divisions.org\/GLD\/","logo":{"@type":"ImageObject","inLanguage":"en-US","@id":"https:\/\/ata-divisions.org\/GLD\/#\/schema\/logo\/image\/","url":"https:\/\/ata-divisions.org\/GLD\/wp-content\/uploads\/2016\/10\/GLD-ATA-Logo-blue.png","contentUrl":"https:\/\/ata-divisions.org\/GLD\/wp-content\/uploads\/2016\/10\/GLD-ATA-Logo-blue.png","width":390,"height":390,"caption":"GLD German Language Division"},"image":{"@id":"https:\/\/ata-divisions.org\/GLD\/#\/schema\/logo\/image\/"}}]}},"_links":{"self":[{"href":"https:\/\/ata-divisions.org\/GLD\/wp-json\/wp\/v2\/pages\/4828","targetHints":{"allow":["GET"]}}],"collection":[{"href":"https:\/\/ata-divisions.org\/GLD\/wp-json\/wp\/v2\/pages"}],"about":[{"href":"https:\/\/ata-divisions.org\/GLD\/wp-json\/wp\/v2\/types\/page"}],"author":[{"embeddable":true,"href":"https:\/\/ata-divisions.org\/GLD\/wp-json\/wp\/v2\/users\/23"}],"replies":[{"embeddable":true,"href":"https:\/\/ata-divisions.org\/GLD\/wp-json\/wp\/v2\/comments?post=4828"}],"version-history":[{"count":26,"href":"https:\/\/ata-divisions.org\/GLD\/wp-json\/wp\/v2\/pages\/4828\/revisions"}],"predecessor-version":[{"id":7278,"href":"https:\/\/ata-divisions.org\/GLD\/wp-json\/wp\/v2\/pages\/4828\/revisions\/7278"}],"wp:attachment":[{"href":"https:\/\/ata-divisions.org\/GLD\/wp-json\/wp\/v2\/media?parent=4828"}],"curies":[{"name":"wp","href":"https:\/\/api.w.org\/{rel}","templated":true}]}}